{"id":9996,"date":"2026-03-20T13:51:52","date_gmt":"2026-03-20T12:51:52","guid":{"rendered":"https:\/\/www.puntafucinodoporco.gal\/aviso-legal\/"},"modified":"2026-03-27T08:30:44","modified_gmt":"2026-03-27T07:30:44","slug":"aviso-legal","status":"publish","type":"page","link":"https:\/\/www.puntafucinodoporco.gal\/es\/aviso-legal\/","title":{"rendered":"Aviso Legal"},"content":{"rendered":"[vc_row ct_row_stretch=\u00bbstretch_row_content_no_spaces\u00bb content_placement=\u00bbmiddle\u00bb ct_bg_image=\u00bb9161&#8243; ct_bg_repeat=\u00bbno-repeat\u00bb ct_bg_size=\u00bbcover\u00bb ct_bg_position=\u00bbcenter center\u00bb][vc_column css=\u00bb.vc_custom_1773402346154{padding-top: 100px !important;padding-bottom: 100px !important;}\u00bb][vc_row_inner content_placement=\u00bbmiddle\u00bb css=\u00bb.vc_custom_1774007248589{background-color: rgba(97,166,165,0.51) !important;*background-color: rgb(97,166,165) !important;}\u00bb][vc_column_inner]<div id=\"ultimate-heading-206269e617c937859\" class=\"uvc-heading ult-adjust-bottom-margin ultimate-heading-206269e617c937859 uvc-4002 \" data-hspacer=\"no_spacer\"  data-halign=\"center\" style=\"text-align:center\"><div class=\"uvc-heading-spacer no_spacer\" style=\"top\"><\/div><div class=\"uvc-main-heading ult-responsive\"  data-ultimate-target='.uvc-heading.ultimate-heading-206269e617c937859 h1'  data-responsive-json-new='{\"font-size\":\"desktop:50px;\",\"line-height\":\"desktop:50px;\"}' ><h1 style=\"font-family:&#039;Montserrat&#039;;font-weight:200;color:#ffffff;margin-top:20px;margin-bottom:20px;\">AVISO LEGAL<\/h1><\/div><\/div>[\/vc_column_inner][\/vc_row_inner][\/vc_column][\/vc_row][vc_row ct_row_stretch=\u00bb\u00bb][vc_column]<div class=\"ult-spacer spacer-69e617c9378fd\" data-id=\"69e617c9378fd\" data-height=\"50\" data-height-mobile=\"50\" data-height-tab=\"50\" data-height-tab-portrait=\"\" data-height-mobile-landscape=\"\" style=\"clear:both;display:block;\"><\/div><div id=\"ultimate-heading-295769e617c937972\" class=\"uvc-heading ult-adjust-bottom-margin ultimate-heading-295769e617c937972 uvc-1184 titular3\" data-hspacer=\"no_spacer\"  data-halign=\"left\" style=\"text-align:left\"><div class=\"uvc-heading-spacer no_spacer\" style=\"top\"><\/div><div class=\"uvc-main-heading ult-responsive\"  data-ultimate-target='.uvc-heading.ultimate-heading-295769e617c937972 h2'  data-responsive-json-new='{\"font-size\":\"\",\"line-height\":\"\"}' ><h2 style=\"font-weight:normal;margin-bottom:30px;\">AVISO <b>LEGAL<\/b><\/h2><\/div><div class=\"uvc-sub-heading ult-responsive\"  data-ultimate-target='.uvc-heading.ultimate-heading-295769e617c937972 .uvc-sub-heading '  data-responsive-json-new='{\"font-size\":\"\",\"line-height\":\"\"}'  style=\"font-weight:normal;\">\n<h2>Datos del Responsable<\/h2>\n<p><strong>\u2013 Identidad del Responsable:<\/strong> Concello do Vicedo<\/p>\n<p><strong>\u2013 Nombre comercial:<\/strong>\u00a0 Punta Fuci\u00f1o do Porco<\/p>\n<p><strong>\u2013 NIF\/CIF:<\/strong> P2706400E<\/p>\n<p><strong>\u2013 Direcci\u00f3n:<\/strong>\u00a0 Traves\u00eda da Mari\u00f1a, 57. 27860 O Vicedo (Lugo)<\/p>\n<p><strong>\u2013 Correo electr\u00f3nico:<\/strong> concello@concellodovicedo.org<\/p>\n<p>En este espacio, el USUARIO, podr\u00e1 encontrar toda la informaci\u00f3n relativa a los t\u00e9rminos y condiciones legales que definen las relaciones entre los usuarios y nosotros como responsables de esta web. Como usuario, es importante que conozcas estos t\u00e9rminos antes de continuar tu navegaci\u00f3n.<\/p>\n<p>Concello do Vicedo como responsable de esta web, asume el compromiso de procesar la informaci\u00f3n de nuestros usuarios y clientes con plenas garant\u00edas y cumplir con los requisitos nacionales y europeos que regulan la recopilaci\u00f3n y uso de los datos personales de nuestros usuarios.<\/p>\n<p>Esta web, por tanto, cumple rigurosamente con el RGPD (REGLAMENTO (UE) 2016\/679 de protecci\u00f3n de datos) y la LSSI-CE la Ley 34\/2002, de 11 de julio, de servicios de la sociedad de la informaci\u00f3n y de comercio electr\u00f3nico.<\/p>\n<h2>Condiciones generales de uso<\/h2>\n<p>Las presentes Condiciones Generales regulan el uso (incluyendo el mero acceso) de las p\u00e1ginas de la web, integrantes del sitio web de Punta Fuci\u00f1o do Porco incluidos los contenidos y servicios puestos a disposici\u00f3n en ellas. Toda persona que acceda a la web, puntafucinodoporco.gal (\u201cUsuario\u201d) acepta someterse a las Condiciones Generales vigentes en cada momento del portal puntafucinodoporco.gal.<\/p>\n<h2>Datos personales que recabamos y c\u00f3mo lo hacemos<\/h2>\n<p>Leer Pol\u00edtica de Privacidade<\/p>\n<h2>Compromisos y obligaciones de los usuarios<\/h2>\n<p>El Usuario queda informado, y acepta, que el acceso a la presente web no supone, en modo alguno, el inicio de una relaci\u00f3n comercial con Punta Fuci\u00f1o do Porco. De esta forma, el usuario se compromete a utilizar el sitio Web, sus servicios y contenidos sin contravenir la legislaci\u00f3n vigente, la buena fe y el orden p\u00fablico.<\/p>\n<p>Queda prohibido el uso de la web, con fines il\u00edcitos o lesivos, o que, de cualquier forma, puedan causar perjuicio o impedir el normal funcionamiento del sitio web. Respecto de los contenidos de esta web, se proh\u00edbe:<\/p>\n<ul>\n<li>Su reproducci\u00f3n, distribuci\u00f3n o modificaci\u00f3n, total o parcial, a menos que se cuente con la autorizaci\u00f3n de sus leg\u00edtimos titulares;<\/li>\n<li>Cualquier vulneraci\u00f3n de los derechos del prestador o de los leg\u00edtimos titulares;<\/li>\n<li>Su utilizaci\u00f3n para fines comerciales o publicitarios.<\/li>\n<\/ul>\n<p>En la utilizaci\u00f3n de la web, puntafucinodoporco.gal, el Usuario se compromete a no llevar a cabo ninguna conducta que pudiera da\u00f1ar la imagen, los intereses y los derechos de Punta Fuci\u00f1o do Porco o de terceros o que pudiera da\u00f1ar, inutilizar o sobrecargar el portal (indicar dominio) o que impidiera, de cualquier forma, la normal utilizaci\u00f3n de la web.<\/p>\n<p>No obstante, el Usuario debe ser consciente de que las medidas de seguridad de los sistemas inform\u00e1ticos en Internet no son enteramente fiables y que, por tanto Punta Fuci\u00f1o do Porco no puede garantizar la inexistencia de virus u otros elementos que puedan producir alteraciones en los sistemas inform\u00e1ticos (software y hardware) del Usuario o en sus documentos electr\u00f3nicos y ficheros contenidos en los mismos.<\/p>\n<h2>Medidas de seguridad<\/h2>\n<p>Los datos personales comunicados por el usuario a Punta Fuci\u00f1o do Porco pueden ser almacenados en bases de datos automatizadas o no, cuya titularidad corresponde en exclusiva a Punta Fuci\u00f1o do Porco, asumiendo \u00e9sta todas las medidas de \u00edndole t\u00e9cnica, organizativa y de seguridad que garantizan la confidencialidad, integridad y calidad de la informaci\u00f3n contenida en las mismas de acuerdo con lo establecido en la normativa vigente en protecci\u00f3n de datos.<\/p>\n<p>La comunicaci\u00f3n entre los usuarios y Punta Fuci\u00f1o do Porco utiliza un canal seguro, y los datos transmitidos son cifrados gracias a protocolos a https, por tanto, garantizamos las mejores condiciones de seguridad para que la confidencialidad de los usuarios est\u00e9 garantizada.<\/p>\n<h2>Reclamaciones<\/h2>\n<p>Concello do Vicedo (Punta Fuci\u00f1o do Porco) informa que existen hojas de reclamaci\u00f3n a disposici\u00f3n de usuarios y clientes.<\/p>\n<p>El Usuario podr\u00e1 realizar reclamaciones solicitando su hoja de reclamaci\u00f3n o remitiendo un correo electr\u00f3nico a concello@concellodovicedo.org indicando su nombre y apellidos, el servicio y\/o producto adquirido y exponiendo los motivos de su reclamaci\u00f3n.<\/p>\n<p>El usuario\/comprador podr\u00e1 notificarnos la reclamaci\u00f3n, bien a trav\u00e9s de correo electr\u00f3nico a: concello@concellodovicedo.org o bien por correo postal dirigido a: Punta Fuci\u00f1o do Porco, en la calle Traves\u00eda da Mari\u00f1a, 57. 27860 O Vicedo (Lugo) si lo desea, el siguiente formulario de reclamaci\u00f3n:<\/p>\n<p>A la atenci\u00f3n de: Punta Fuci\u00f1o do Porco<br \/>\nTraves\u00eda da Mari\u00f1a, 57. 27860 O Vicedo (Lugo)<br \/>\nE-mail: concello@concellodovicedo.org<\/p>\n<p>El servicio\/producto:<br \/>\nAdquirido el d\u00eda:<br \/>\nNombre del usuario:<br \/>\nDomicilio do usuario:<br \/>\nFirma del usuario (solo si se presenta en papel):<br \/>\nFecha:<br \/>\nMotivo de la reclamaci\u00f3n:<\/p>\n<h2>Plataforma de resoluci\u00f3n de conflictos<\/h2>\n<p>Por si puede ser de tu inter\u00e9s, para someter tus reclamaciones puedes utilizar tambi\u00e9n la plataforma de resoluci\u00f3n de litigios que facilita la Comisi\u00f3n Europea y que se encuentra disponible en el siguiente enlace: <a href=\"http:\/\/ec.europa.eu\/consumers\/odr\/\">\u00a0http:\/\/ec.europa.eu\/consumers\/odr\/<\/a><\/p>\n<h2>Derechos de propiedad intelectual e industrial<\/h2>\n<p>En virtud de lo dispuesto en los art\u00edculos 8 y 32.1, p\u00e1rrafo segundo, de la Ley de Propiedad Intelectual, quedan expresamente prohibidas la reproducci\u00f3n, la distribuci\u00f3n y la comunicaci\u00f3n p\u00fablica, incluida su modalidad de puesta a disposici\u00f3n, de la totalidad o parte de los contenidos de esta p\u00e1gina web, con fines comerciales, en cualquier soporte y por cualquier medio t\u00e9cnico, sin la autorizaci\u00f3n de Punta Fuci\u00f1o do Porco. El usuario se compromete a respetar los derechos de Propiedad Intelectual e Industrial titularidad de Punta Fuci\u00f1o do Porco.<\/p>\n<p>El usuario conoce y acepta que la totalidad del sitio web, conteniendo sin car\u00e1cter exhaustivo el texto, software, contenidos (incluyendo estructura, selecci\u00f3n, ordenaci\u00f3n y presentaci\u00f3n de los mismos) podcast, fotograf\u00edas, material audiovisual y gr\u00e1ficos, est\u00e1 protegida por marcas, derechos de autor y otros derechos leg\u00edtimos, de acuerdo con los tratados internacionales en los que Espa\u00f1a es parte y otros derechos de propiedad y leyes de Espa\u00f1a.<\/p>\n<p>En el caso de que un usuario o un tercero consideren que se ha producido una violaci\u00f3n de sus leg\u00edtimos derechos de propiedad intelectual por la introducci\u00f3n de un determinado contenido en la web, deber\u00e1 notificar dicha circunstancia a Punta Fuci\u00f1o do Porco indicando:<\/p>\n<ul>\n<li>Datos personales del interesado titular de los derechos presuntamente infringidos, o indicar la representaci\u00f3n con la que act\u00faa en caso de que la reclamaci\u00f3n la presente un tercero distinto del interesado.<\/li>\n<li>Se\u00f1alar los contenidos protegidos por los derechos de propiedad intelectual y su ubicaci\u00f3n en la web, la acreditaci\u00f3n de los derechos de propiedad intelectual se\u00f1alados y declaraci\u00f3n expresa en la que el interesado se responsabiliza de la veracidad de las informaciones facilitadas en la notificaci\u00f3n<\/li>\n<\/ul>\n<h2>Enlaces externos<\/h2>\n<p>Las p\u00e1ginas de la web puntafucinodoporco.gal, proporciona enlaces a otros sitios web propios y contenidos que son propiedad de terceros tales como:<\/p>\n<ul>\n<li>Contenidos de otras web<\/li>\n<li>Informaci\u00f3n<\/li>\n<li>Recursos<\/li>\n<\/ul>\n<p>El \u00fanico objeto de los enlaces es proporcionar al Usuario la posibilidad de acceder a dichos enlaces.<\/p>\n<p>Punta Fuci\u00f1o do Porco no se responsabiliza en ning\u00fan caso de los resultados que puedan derivarse al Usuario por acceso a dichos enlaces.<\/p>\n<p>Asimismo, el usuario encontrar\u00e1 dentro de este sitio, p\u00e1ginas, promociones, programas de afiliados que acceden a los h\u00e1bitos de navegaci\u00f3n de los usuarios para establecer perfiles. Esta informaci\u00f3n siempre es an\u00f3nima y no se identifica al usuario.<\/p>\n<p>La Informaci\u00f3n que se proporcione en estos Sitios patrocinado o enlaces de afiliados est\u00e1 sujeta a las pol\u00edticas de privacidad que se utilicen en dichos Sitios y no estar\u00e1 sujeta a esta pol\u00edtica de privacidad. Por lo que recomendamos ampliamente a los Usuarios a revisar detalladamente las pol\u00edticas de privacidad de los enlaces de afiliado.<\/p>\n<p>El Usuario que se proponga establecer cualquier dispositivo t\u00e9cnico de enlace desde su sitio web al portal puntafucinodoporco.gal deber\u00e1 obtener la autorizaci\u00f3n previa y escrita de Concello do Vicedo. El establecimiento del enlace no implica en ning\u00fan caso la existencia de relaciones entre Punta Fuci\u00f1o do Porco y el propietario del sitio en el que se establezca el enlace, ni la aceptaci\u00f3n o aprobaci\u00f3n por parte de Punta Fuci\u00f1o do Porco de sus contenidos o servicios.<\/p>\n<h2>Pol\u00edtica de comentarios<\/h2>\n<p>En nuestra web se permiten realizar comentarios para enriquecer los contenidos y realizar consultas.<\/p>\n<p>No se admitir\u00e1n comentarios que no est\u00e9n relacionados con la tem\u00e1tica de esta web, que incluyan difamaciones, agravios, insultos, ataques personales o faltas de respeto en general hacia el autor o hacia otros miembros.<\/p>\n<p>Tambi\u00e9n ser\u00e1n suprimidos los comentarios que contengan informaci\u00f3n que sea obviamente enga\u00f1osa o falsa, as\u00ed como los comentarios que contengan informaci\u00f3n personal, como, por ejemplo, domicilios privado o tel\u00e9fonos y que vulneren nuestra pol\u00edtica de protecci\u00f3n de datos.<\/p>\n<p>Se desestimar\u00e1, igualmente, aquellos comentarios creados s\u00f3lo con fines promocionales de una web, persona o colectivo y todo lo que pueda ser considerado spam en general.<\/p>\n<p>No se permiten comentarios an\u00f3nimos, as\u00ed como aquellos realizados por una misma persona con distintos apodos. No se considerar\u00e1n tampoco aquellos comentarios que intenten forzar un debate o una toma de postura por otro usuario.<\/p>\n<h2>Exclusi\u00f3n de garant\u00edas y responsabilidades<\/h2>\n<p>El Prestador no otorga ninguna garant\u00eda ni se hace responsable, en ning\u00fan caso, de los da\u00f1os y perjuicios de cualquier naturaleza que pudieran traer causa de:<\/p>\n<ul>\n<li>La falta de disponibilidad, mantenimiento y efectivo funcionamiento de la web, o de sus servicios y contenidos;<\/li>\n<li>La existencia de virus, programas maliciosos o lesivos en los contenidos;<\/li>\n<li>El uso il\u00edcito, negligente, fraudulento o contrario a este Aviso Legal;<\/li>\n<li>La falta de licitud, calidad, fiabilidad, utilidad y disponibilidad de los servicios prestados por terceros y puestos a disposici\u00f3n de los usuarios en el sitio web.<\/li>\n<li>El prestador no se hace responsable bajo ning\u00fan concepto de los da\u00f1os que pudieran dimanar del uso ilegal o indebido de la presente p\u00e1gina web.<\/li>\n<\/ul>\n<h2>Ley aplicable y jurisdicci\u00f3n<\/h2>\n<p>Con car\u00e1cter general las relaciones entre Punta Fuci\u00f1o do Porco con los Usuarios de sus servicios telem\u00e1ticos, presentes en esta web se encuentran sometidas a la legislaci\u00f3n y jurisdicci\u00f3n espa\u00f1olas y a los tribunales de Lugo.<\/p>\n<h2>Contacto<\/h2>\n<p>En caso de que cualquier Usuario tuviese alguna duda acerca de estas Condiciones legales o cualquier comentario sobre el portal puntafucinodoporco.gal, por favor dir\u00edjase a concello@concellodovicedo.org<\/p>\n<\/div><\/div><div class=\"ult-spacer spacer-69e617c9379c5\" data-id=\"69e617c9379c5\" data-height=\"50\" data-height-mobile=\"50\" data-height-tab=\"50\" data-height-tab-portrait=\"\" data-height-mobile-landscape=\"\" style=\"clear:both;display:block;\"><\/div>[\/vc_column][\/vc_row][vc_row ct_row_stretch=\u00bb\u00bb][vc_column]<div class=\"ult-spacer spacer-69e617c9379f5\" data-id=\"69e617c9379f5\" data-height=\"50\" data-height-mobile=\"50\" data-height-tab=\"50\" data-height-tab-portrait=\"\" data-height-mobile-landscape=\"\" style=\"clear:both;display:block;\"><\/div>[\/vc_column][\/vc_row][vc_row ct_row_stretch=\u00bb\u00bb][vc_column][vc_column_text]\n[\/vc_column_text][\/vc_column][\/vc_row]\n","protected":false},"excerpt":{"rendered":"<p>[vc_row ct_row_stretch=\u00bbstretch_row_content_no_spaces\u00bb content_placement=\u00bbmiddle\u00bb ct_bg_image=\u00bb9161&#8243; ct_bg_repeat=\u00bbno-repeat\u00bb ct_bg_size=\u00bbcover\u00bb ct_bg_position=\u00bbcenter center\u00bb][vc_column css=\u00bb.vc_custom_1773402346154{padding-top: 100px !important;padding-bottom: 100px !important;}\u00bb][vc_row_inner content_placement=\u00bbmiddle\u00bb css=\u00bb.vc_custom_1774007248589{background-color: rgba(97,166,165,0.51) !important;*background-color: rgb(97,166,165) !important;}\u00bb][vc_column_inner][\/vc_column_inner][\/vc_row_inner][\/vc_column][\/vc_row][vc_row ct_row_stretch=\u00bb\u00bb][vc_column][\/vc_column][\/vc_row][vc_row ct_row_stretch=\u00bb\u00bb][vc_column][\/vc_column][\/vc_row][vc_row ct_row_stretch=\u00bb\u00bb][vc_column][vc_column_text] [\/vc_column_text][\/vc_column][\/vc_row]<\/p>\n","protected":false},"author":1,"featured_media":0,"parent":0,"menu_order":0,"comment_status":"closed","ping_status":"closed","template":"","meta":{"footnotes":""},"class_list":["post-9996","page","type-page","status-publish","hentry"],"yoast_head":"<!-- This site is optimized with the Yoast SEO plugin v27.4 - https:\/\/yoast.com\/product\/yoast-seo-wordpress\/ -->\n<title>Aviso Legal - Punta Fuci\u00f1o do Porco<\/title>\n<meta name=\"robots\" content=\"index, follow, max-snippet:-1, max-image-preview:large, max-video-preview:-1\" \/>\n<link rel=\"canonical\" href=\"https:\/\/www.puntafucinodoporco.gal\/es\/aviso-legal\/\" \/>\n<meta property=\"og:locale\" content=\"es_ES\" \/>\n<meta property=\"og:type\" content=\"article\" \/>\n<meta property=\"og:title\" content=\"Aviso Legal - Punta Fuci\u00f1o do Porco\" \/>\n<meta property=\"og:description\" content=\"[vc_row ct_row_stretch=\u00bbstretch_row_content_no_spaces\u00bb content_placement=\u00bbmiddle\u00bb ct_bg_image=\u00bb9161&#8243; ct_bg_repeat=\u00bbno-repeat\u00bb ct_bg_size=\u00bbcover\u00bb ct_bg_position=\u00bbcenter center\u00bb][vc_column css=\u00bb.vc_custom_1773402346154{padding-top: 100px !important;padding-bottom: 100px !important;}\u00bb][vc_row_inner content_placement=\u00bbmiddle\u00bb css=\u00bb.vc_custom_1774007248589{background-color: rgba(97,166,165,0.51) !important;*background-color: rgb(97,166,165) !important;}\u00bb][vc_column_inner][\/vc_column_inner][\/vc_row_inner][\/vc_column][\/vc_row][vc_row ct_row_stretch=\u00bb\u00bb][vc_column][\/vc_column][\/vc_row][vc_row ct_row_stretch=\u00bb\u00bb][vc_column][\/vc_column][\/vc_row][vc_row ct_row_stretch=\u00bb\u00bb][vc_column][vc_column_text] [\/vc_column_text][\/vc_column][\/vc_row]\" \/>\n<meta property=\"og:url\" content=\"https:\/\/www.puntafucinodoporco.gal\/es\/aviso-legal\/\" \/>\n<meta property=\"og:site_name\" content=\"Punta Fuci\u00f1o do Porco\" \/>\n<meta property=\"article:modified_time\" content=\"2026-03-27T07:30:44+00:00\" \/>\n<meta name=\"twitter:card\" content=\"summary_large_image\" \/>\n<meta name=\"twitter:label1\" content=\"Tiempo de lectura\" \/>\n\t<meta name=\"twitter:data1\" content=\"8 minutos\" \/>\n<script type=\"application\/ld+json\" class=\"yoast-schema-graph\">{\"@context\":\"https:\\\/\\\/schema.org\",\"@graph\":[{\"@type\":\"WebPage\",\"@id\":\"https:\\\/\\\/www.puntafucinodoporco.gal\\\/es\\\/aviso-legal\\\/\",\"url\":\"https:\\\/\\\/www.puntafucinodoporco.gal\\\/es\\\/aviso-legal\\\/\",\"name\":\"Aviso Legal - Punta Fuci\u00f1o do Porco\",\"isPartOf\":{\"@id\":\"https:\\\/\\\/www.puntafucinodoporco.gal\\\/es\\\/#website\"},\"datePublished\":\"2026-03-20T12:51:52+00:00\",\"dateModified\":\"2026-03-27T07:30:44+00:00\",\"breadcrumb\":{\"@id\":\"https:\\\/\\\/www.puntafucinodoporco.gal\\\/es\\\/aviso-legal\\\/#breadcrumb\"},\"inLanguage\":\"es\",\"potentialAction\":[{\"@type\":\"ReadAction\",\"target\":[\"https:\\\/\\\/www.puntafucinodoporco.gal\\\/es\\\/aviso-legal\\\/\"]}]},{\"@type\":\"BreadcrumbList\",\"@id\":\"https:\\\/\\\/www.puntafucinodoporco.gal\\\/es\\\/aviso-legal\\\/#breadcrumb\",\"itemListElement\":[{\"@type\":\"ListItem\",\"position\":1,\"name\":\"Portada\",\"item\":\"https:\\\/\\\/www.puntafucinodoporco.gal\\\/es\\\/\"},{\"@type\":\"ListItem\",\"position\":2,\"name\":\"Aviso Legal\"}]},{\"@type\":\"WebSite\",\"@id\":\"https:\\\/\\\/www.puntafucinodoporco.gal\\\/es\\\/#website\",\"url\":\"https:\\\/\\\/www.puntafucinodoporco.gal\\\/es\\\/\",\"name\":\"Punta Fuci\u00f1o do Porco\",\"description\":\"\",\"potentialAction\":[{\"@type\":\"SearchAction\",\"target\":{\"@type\":\"EntryPoint\",\"urlTemplate\":\"https:\\\/\\\/www.puntafucinodoporco.gal\\\/es\\\/?s={search_term_string}\"},\"query-input\":{\"@type\":\"PropertyValueSpecification\",\"valueRequired\":true,\"valueName\":\"search_term_string\"}}],\"inLanguage\":\"es\"}]}<\/script>\n<!-- \/ Yoast SEO plugin. -->","yoast_head_json":{"title":"Aviso Legal - Punta Fuci\u00f1o do Porco","robots":{"index":"index","follow":"follow","max-snippet":"max-snippet:-1","max-image-preview":"max-image-preview:large","max-video-preview":"max-video-preview:-1"},"canonical":"https:\/\/www.puntafucinodoporco.gal\/es\/aviso-legal\/","og_locale":"es_ES","og_type":"article","og_title":"Aviso Legal - Punta Fuci\u00f1o do Porco","og_description":"[vc_row ct_row_stretch=\u00bbstretch_row_content_no_spaces\u00bb content_placement=\u00bbmiddle\u00bb ct_bg_image=\u00bb9161&#8243; ct_bg_repeat=\u00bbno-repeat\u00bb ct_bg_size=\u00bbcover\u00bb ct_bg_position=\u00bbcenter center\u00bb][vc_column css=\u00bb.vc_custom_1773402346154{padding-top: 100px !important;padding-bottom: 100px !important;}\u00bb][vc_row_inner content_placement=\u00bbmiddle\u00bb css=\u00bb.vc_custom_1774007248589{background-color: rgba(97,166,165,0.51) !important;*background-color: rgb(97,166,165) !important;}\u00bb][vc_column_inner][\/vc_column_inner][\/vc_row_inner][\/vc_column][\/vc_row][vc_row ct_row_stretch=\u00bb\u00bb][vc_column][\/vc_column][\/vc_row][vc_row ct_row_stretch=\u00bb\u00bb][vc_column][\/vc_column][\/vc_row][vc_row ct_row_stretch=\u00bb\u00bb][vc_column][vc_column_text] [\/vc_column_text][\/vc_column][\/vc_row]","og_url":"https:\/\/www.puntafucinodoporco.gal\/es\/aviso-legal\/","og_site_name":"Punta Fuci\u00f1o do Porco","article_modified_time":"2026-03-27T07:30:44+00:00","twitter_card":"summary_large_image","twitter_misc":{"Tiempo de lectura":"8 minutos"},"schema":{"@context":"https:\/\/schema.org","@graph":[{"@type":"WebPage","@id":"https:\/\/www.puntafucinodoporco.gal\/es\/aviso-legal\/","url":"https:\/\/www.puntafucinodoporco.gal\/es\/aviso-legal\/","name":"Aviso Legal - Punta Fuci\u00f1o do Porco","isPartOf":{"@id":"https:\/\/www.puntafucinodoporco.gal\/es\/#website"},"datePublished":"2026-03-20T12:51:52+00:00","dateModified":"2026-03-27T07:30:44+00:00","breadcrumb":{"@id":"https:\/\/www.puntafucinodoporco.gal\/es\/aviso-legal\/#breadcrumb"},"inLanguage":"es","potentialAction":[{"@type":"ReadAction","target":["https:\/\/www.puntafucinodoporco.gal\/es\/aviso-legal\/"]}]},{"@type":"BreadcrumbList","@id":"https:\/\/www.puntafucinodoporco.gal\/es\/aviso-legal\/#breadcrumb","itemListElement":[{"@type":"ListItem","position":1,"name":"Portada","item":"https:\/\/www.puntafucinodoporco.gal\/es\/"},{"@type":"ListItem","position":2,"name":"Aviso Legal"}]},{"@type":"WebSite","@id":"https:\/\/www.puntafucinodoporco.gal\/es\/#website","url":"https:\/\/www.puntafucinodoporco.gal\/es\/","name":"Punta Fuci\u00f1o do Porco","description":"","potentialAction":[{"@type":"SearchAction","target":{"@type":"EntryPoint","urlTemplate":"https:\/\/www.puntafucinodoporco.gal\/es\/?s={search_term_string}"},"query-input":{"@type":"PropertyValueSpecification","valueRequired":true,"valueName":"search_term_string"}}],"inLanguage":"es"}]}},"_links":{"self":[{"href":"https:\/\/www.puntafucinodoporco.gal\/es\/wp-json\/wp\/v2\/pages\/9996","targetHints":{"allow":["GET"]}}],"collection":[{"href":"https:\/\/www.puntafucinodoporco.gal\/es\/wp-json\/wp\/v2\/pages"}],"about":[{"href":"https:\/\/www.puntafucinodoporco.gal\/es\/wp-json\/wp\/v2\/types\/page"}],"author":[{"embeddable":true,"href":"https:\/\/www.puntafucinodoporco.gal\/es\/wp-json\/wp\/v2\/users\/1"}],"replies":[{"embeddable":true,"href":"https:\/\/www.puntafucinodoporco.gal\/es\/wp-json\/wp\/v2\/comments?post=9996"}],"version-history":[{"count":2,"href":"https:\/\/www.puntafucinodoporco.gal\/es\/wp-json\/wp\/v2\/pages\/9996\/revisions"}],"predecessor-version":[{"id":10020,"href":"https:\/\/www.puntafucinodoporco.gal\/es\/wp-json\/wp\/v2\/pages\/9996\/revisions\/10020"}],"wp:attachment":[{"href":"https:\/\/www.puntafucinodoporco.gal\/es\/wp-json\/wp\/v2\/media?parent=9996"}],"curies":[{"name":"wp","href":"https:\/\/api.w.org\/{rel}","templated":true}]}}