{"id":9994,"date":"2026-03-26T09:06:01","date_gmt":"2026-03-26T08:06:01","guid":{"rendered":"https:\/\/www.puntafucinodoporco.gal\/accesibilidade\/"},"modified":"2026-03-27T11:43:47","modified_gmt":"2026-03-27T10:43:47","slug":"accesibilidad","status":"publish","type":"page","link":"https:\/\/www.puntafucinodoporco.gal\/es\/accesibilidad\/","title":{"rendered":"Accesibilidad"},"content":{"rendered":"[vc_row ct_row_stretch=\u00bbstretch_row_content_no_spaces\u00bb content_placement=\u00bbmiddle\u00bb ct_bg_image=\u00bb9161&#8243; ct_bg_repeat=\u00bbno-repeat\u00bb ct_bg_size=\u00bbcover\u00bb ct_bg_position=\u00bbcenter center\u00bb][vc_column css=\u00bb.vc_custom_1773402346154{padding-top: 100px !important;padding-bottom: 100px !important;}\u00bb][vc_row_inner content_placement=\u00bbmiddle\u00bb css=\u00bb.vc_custom_1774007248589{background-color: rgba(97,166,165,0.51) !important;*background-color: rgb(97,166,165) !important;}\u00bb][vc_column_inner]<div id=\"ultimate-heading-186869e6132b8caef\" class=\"uvc-heading ult-adjust-bottom-margin ultimate-heading-186869e6132b8caef uvc-5109 \" data-hspacer=\"no_spacer\"  data-halign=\"center\" style=\"text-align:center\"><div class=\"uvc-heading-spacer no_spacer\" style=\"top\"><\/div><div class=\"uvc-main-heading ult-responsive\"  data-ultimate-target='.uvc-heading.ultimate-heading-186869e6132b8caef h1'  data-responsive-json-new='{\"font-size\":\"desktop:50px;\",\"line-height\":\"desktop:50px;\"}' ><h1 style=\"font-family:&#039;Montserrat&#039;;font-weight:200;color:#ffffff;margin-top:20px;margin-bottom:20px;\">ACCESIBILIDAD<\/h1><\/div><\/div>[\/vc_column_inner][\/vc_row_inner][\/vc_column][\/vc_row][vc_row ct_row_stretch=\u00bb\u00bb][vc_column]<div class=\"ult-spacer spacer-69e6132b8cb6e\" data-id=\"69e6132b8cb6e\" data-height=\"50\" data-height-mobile=\"50\" data-height-tab=\"50\" data-height-tab-portrait=\"\" data-height-mobile-landscape=\"\" style=\"clear:both;display:block;\"><\/div><div id=\"ultimate-heading-11069e6132b8cbb7\" class=\"uvc-heading ult-adjust-bottom-margin ultimate-heading-11069e6132b8cbb7 uvc-5700 titular3\" data-hspacer=\"no_spacer\"  data-halign=\"left\" style=\"text-align:left\"><div class=\"uvc-heading-spacer no_spacer\" style=\"top\"><\/div><div class=\"uvc-main-heading ult-responsive\"  data-ultimate-target='.uvc-heading.ultimate-heading-11069e6132b8cbb7 h2'  data-responsive-json-new='{\"font-size\":\"\",\"line-height\":\"\"}' ><h2 style=\"font-weight:normal;margin-bottom:30px;\"><b>ACCESIBILIDAD<\/b><\/h2><\/div><div class=\"uvc-sub-heading ult-responsive\"  data-ultimate-target='.uvc-heading.ultimate-heading-11069e6132b8cbb7 .uvc-sub-heading '  data-responsive-json-new='{\"font-size\":\"\",\"line-height\":\"\"}'  style=\"font-weight:normal;\">puntafuci\u00f1odoporco.gal se ha comprometido a hacer accesible su sitio web, de conformidad con el Real Decreto 1112\/2018, de 7 de septiembre, sobre accesibilidad de los sitios web y aplicaciones para dispositivos m\u00f3viles del sector p\u00fablico. La presente declaraci\u00f3n de accesibilidad se aplica al sitio web https:\/\/www.puntafucinodoporco.gal<\/p>\n<h2>SITUACI\u00d3N DE CUMPLIMIENTO<\/h2>\n<p>Este sitio web es parcialmente conforme con el RD 1112\/2018 debido a las excepciones y a la falta de conformidad de los aspectos que se indican en el siguiente punto.<\/p>\n<h2>CONTENIDO NO ACCESIBLE<\/h2>\n<p>El contenido que se recoge a continuaci\u00f3n no es accesible por lo siguiente:<\/p>\n<p>\u2022 Falta de conformidad con el RD 1112\/2018<br \/>\nPodr\u00edan existir algunos aspectos de contraste que no cumplan los m\u00ednimos exigidos, 3:1, con respecto a los colores adyacentes del fondo de la secci\u00f3n de la web en cuesti\u00f3n. [9.1.4.11 Contraste no textual]\nPodr\u00edan existir algunos elementos no textuales no etiquetados correctamente [2.5.3 Etiqueta en el nombre] y [4.1.2 Nombre funci\u00f3n y valor]\nPodr\u00edan existir algunos textos en otro idioma no etiquetados correctamente [3.1.2 Idioma de las partes]\nPodr\u00edan existir errores de c\u00f3digo puntuales de edici\u00f3n en alguna p\u00e1gina web. [4.1.1 Procesamiento]\n<p>\u2022 Carga desproporcionada<br \/>\nNo aplica.<\/p>\n<p>\u2022 El contenido no entra dentro del \u00e1mbito de la legislaci\u00f3n aplicable Podr\u00edan existir archivos ofim\u00e1ticos en PDF u otros formatos publicados antes del 20 de septiembre de 2018 que no cumplan en su totalidad todos los requisitos de accesibilidad. Aunque se ha procurado que la mayor\u00eda de ellos s\u00ed lo cumplan.<\/p>\n<h2>PREPARACI\u00d3N DE LA SIGUIENTE DECLARACI\u00d3N DE ACCESIBILIDAD<\/h2>\n<p>La presente declaraci\u00f3n fue preparada el 2 de enero de 2023. El m\u00e9todo empleado para preparar la declaraci\u00f3n ha sido una autoevaluaci\u00f3n llevada a cabo por Proyectos y Desarrollos en Internet S.L..<\/p>\n<h2>OBSERVACIONES Y DATOS DE CONTACTO<\/h2>\n<p>Puede realizar comunicaciones sobre requisitos de accesibilidad (art\u00edculo 10.2.a del RD 1112\/2018) como por ejemplo:<\/p>\n<ul>\n<li>Informar sobre cualquier posible incumplimiento por parte de este sitio web<\/li>\n<li>Transmitir otras dificultades de acceso al contenido<\/li>\n<li>Formular cualquier otra consulta o sugerencia de mejora relativa a la accesibilidad del sitio web<\/li>\n<\/ul>\n<p>A trav\u00e9s del correo electr\u00f3nico turismovicedo@gmail.com<\/p>\n<p>Puede presentar:<\/p>\n<p>\u2022 Queja relativa al cumplimiento de los requisitos del RD 1112\/2018 o<br \/>\n\u2022 Solicitud de Informaci\u00f3n accesible relativa a:<\/p>\n<p>Contenidos que est\u00e1n excluidos del \u00e1mbito de aplicaci\u00f3n del RD 1112\/2018 seg\u00fan lo establecido por el art\u00edculo 3, apartado 4 Contenidos que est\u00e1n exentos del cumplimiento de los requisitos de accesibilidad por imponer una carga desproporcionada.<\/p>\n<p>En la Solicitud de informaci\u00f3n accesible, se debe concretar, con toda claridad, los hechos, razones y petici\u00f3n que permitan constatar que se trata de una solicitud razonable y leg\u00edtima.<\/p>\n<h2>PROCEDIMIENTO DE APLICACI\u00d3N<\/h2>\n<p>El procedimiento de reclamaci\u00f3n recogido en el art\u00edculo 13 del RD 1112\/2018 entrar\u00e1 en vigor el 20 de septiembre de 2020.<\/p>\n<h2>CONTENIDO OPCIONAL<\/h2>\n<p>Este portal est\u00e1 dise\u00f1ado para poder cambiar el tama\u00f1o del texto y el color, as\u00ed como el fondo de la p\u00e1gina mediante las opciones de configuraci\u00f3n est\u00e1ndar de los navegadores. Si desea cambiar el tama\u00f1o de letra del texto en los principales navegadores gr\u00e1ficos utilice los siguientes men\u00fas:<\/p>\n<p>\u2022 Internet Explorer, Mozilla y Firefox: Ver &gt; Tama\u00f1o del texto<br \/>\n\u2022 Opera: Ver &gt; Zoom<br \/>\n\u2022 Safari: Ver &gt; Hacer el texto m\u00e1s grande<br \/>\n\u2022 Chrome: Controla la p\u00e1gina actual &gt; Tama\u00f1o del texto<br \/>\n\u2022 Para modificar el tama\u00f1o de todo en la p\u00e1gina:<br \/>\no Ctrl + + para aumentarlo<br \/>\no Ctrl + &#8211; para disminuirlo<br \/>\no Ctrl + 0 restaura el tama\u00f1o original del texto<\/p>\n<p>O utilizar la herramienta de la parte superior para ello.<\/div><\/div><div class=\"ult-spacer spacer-69e6132b8cc0a\" data-id=\"69e6132b8cc0a\" data-height=\"50\" data-height-mobile=\"50\" data-height-tab=\"50\" data-height-tab-portrait=\"\" data-height-mobile-landscape=\"\" style=\"clear:both;display:block;\"><\/div>[\/vc_column][\/vc_row][vc_row ct_row_stretch=\u00bb\u00bb][vc_column]<div class=\"ult-spacer spacer-69e6132b8cc32\" data-id=\"69e6132b8cc32\" data-height=\"50\" data-height-mobile=\"50\" data-height-tab=\"50\" data-height-tab-portrait=\"\" data-height-mobile-landscape=\"\" style=\"clear:both;display:block;\"><\/div>[\/vc_column][\/vc_row][vc_row ct_row_stretch=\u00bb\u00bb][vc_column][vc_column_text]\n[\/vc_column_text][\/vc_column][\/vc_row]\n","protected":false},"excerpt":{"rendered":"<p>[vc_row ct_row_stretch=\u00bbstretch_row_content_no_spaces\u00bb content_placement=\u00bbmiddle\u00bb ct_bg_image=\u00bb9161&#8243; ct_bg_repeat=\u00bbno-repeat\u00bb ct_bg_size=\u00bbcover\u00bb ct_bg_position=\u00bbcenter center\u00bb][vc_column css=\u00bb.vc_custom_1773402346154{padding-top: 100px !important;padding-bottom: 100px !important;}\u00bb][vc_row_inner content_placement=\u00bbmiddle\u00bb css=\u00bb.vc_custom_1774007248589{background-color: rgba(97,166,165,0.51) !important;*background-color: rgb(97,166,165) !important;}\u00bb][vc_column_inner][\/vc_column_inner][\/vc_row_inner][\/vc_column][\/vc_row][vc_row ct_row_stretch=\u00bb\u00bb][vc_column][\/vc_column][\/vc_row][vc_row ct_row_stretch=\u00bb\u00bb][vc_column][\/vc_column][\/vc_row][vc_row ct_row_stretch=\u00bb\u00bb][vc_column][vc_column_text] [\/vc_column_text][\/vc_column][\/vc_row]<\/p>\n","protected":false},"author":1,"featured_media":0,"parent":0,"menu_order":0,"comment_status":"closed","ping_status":"closed","template":"","meta":{"footnotes":""},"class_list":["post-9994","page","type-page","status-publish","hentry"],"yoast_head":"<!-- This site is optimized with the Yoast SEO plugin v27.4 - https:\/\/yoast.com\/product\/yoast-seo-wordpress\/ -->\n<title>Accesibilidad - Punta Fuci\u00f1o do Porco<\/title>\n<meta name=\"robots\" content=\"index, follow, max-snippet:-1, max-image-preview:large, max-video-preview:-1\" \/>\n<link rel=\"canonical\" href=\"https:\/\/www.puntafucinodoporco.gal\/es\/accesibilidad\/\" \/>\n<meta property=\"og:locale\" content=\"es_ES\" \/>\n<meta property=\"og:type\" content=\"article\" \/>\n<meta property=\"og:title\" content=\"Accesibilidad - Punta Fuci\u00f1o do Porco\" \/>\n<meta property=\"og:description\" content=\"[vc_row ct_row_stretch=\u00bbstretch_row_content_no_spaces\u00bb content_placement=\u00bbmiddle\u00bb ct_bg_image=\u00bb9161&#8243; ct_bg_repeat=\u00bbno-repeat\u00bb ct_bg_size=\u00bbcover\u00bb ct_bg_position=\u00bbcenter center\u00bb][vc_column css=\u00bb.vc_custom_1773402346154{padding-top: 100px !important;padding-bottom: 100px !important;}\u00bb][vc_row_inner content_placement=\u00bbmiddle\u00bb css=\u00bb.vc_custom_1774007248589{background-color: rgba(97,166,165,0.51) !important;*background-color: rgb(97,166,165) !important;}\u00bb][vc_column_inner][\/vc_column_inner][\/vc_row_inner][\/vc_column][\/vc_row][vc_row ct_row_stretch=\u00bb\u00bb][vc_column][\/vc_column][\/vc_row][vc_row ct_row_stretch=\u00bb\u00bb][vc_column][\/vc_column][\/vc_row][vc_row ct_row_stretch=\u00bb\u00bb][vc_column][vc_column_text] [\/vc_column_text][\/vc_column][\/vc_row]\" \/>\n<meta property=\"og:url\" content=\"https:\/\/www.puntafucinodoporco.gal\/es\/accesibilidad\/\" \/>\n<meta property=\"og:site_name\" content=\"Punta Fuci\u00f1o do Porco\" \/>\n<meta property=\"article:modified_time\" content=\"2026-03-27T10:43:47+00:00\" \/>\n<meta name=\"twitter:card\" content=\"summary_large_image\" \/>\n<meta name=\"twitter:label1\" content=\"Tiempo de lectura\" \/>\n\t<meta name=\"twitter:data1\" content=\"3 minutos\" \/>\n<script type=\"application\/ld+json\" class=\"yoast-schema-graph\">{\"@context\":\"https:\\\/\\\/schema.org\",\"@graph\":[{\"@type\":\"WebPage\",\"@id\":\"https:\\\/\\\/www.puntafucinodoporco.gal\\\/es\\\/accesibilidad\\\/\",\"url\":\"https:\\\/\\\/www.puntafucinodoporco.gal\\\/es\\\/accesibilidad\\\/\",\"name\":\"Accesibilidad - Punta Fuci\u00f1o do Porco\",\"isPartOf\":{\"@id\":\"https:\\\/\\\/www.puntafucinodoporco.gal\\\/es\\\/#website\"},\"datePublished\":\"2026-03-26T08:06:01+00:00\",\"dateModified\":\"2026-03-27T10:43:47+00:00\",\"breadcrumb\":{\"@id\":\"https:\\\/\\\/www.puntafucinodoporco.gal\\\/es\\\/accesibilidad\\\/#breadcrumb\"},\"inLanguage\":\"es\",\"potentialAction\":[{\"@type\":\"ReadAction\",\"target\":[\"https:\\\/\\\/www.puntafucinodoporco.gal\\\/es\\\/accesibilidad\\\/\"]}]},{\"@type\":\"BreadcrumbList\",\"@id\":\"https:\\\/\\\/www.puntafucinodoporco.gal\\\/es\\\/accesibilidad\\\/#breadcrumb\",\"itemListElement\":[{\"@type\":\"ListItem\",\"position\":1,\"name\":\"Portada\",\"item\":\"https:\\\/\\\/www.puntafucinodoporco.gal\\\/es\\\/\"},{\"@type\":\"ListItem\",\"position\":2,\"name\":\"Accesibilidad\"}]},{\"@type\":\"WebSite\",\"@id\":\"https:\\\/\\\/www.puntafucinodoporco.gal\\\/es\\\/#website\",\"url\":\"https:\\\/\\\/www.puntafucinodoporco.gal\\\/es\\\/\",\"name\":\"Punta Fuci\u00f1o do Porco\",\"description\":\"\",\"potentialAction\":[{\"@type\":\"SearchAction\",\"target\":{\"@type\":\"EntryPoint\",\"urlTemplate\":\"https:\\\/\\\/www.puntafucinodoporco.gal\\\/es\\\/?s={search_term_string}\"},\"query-input\":{\"@type\":\"PropertyValueSpecification\",\"valueRequired\":true,\"valueName\":\"search_term_string\"}}],\"inLanguage\":\"es\"}]}<\/script>\n<!-- \/ Yoast SEO plugin. -->","yoast_head_json":{"title":"Accesibilidad - Punta Fuci\u00f1o do Porco","robots":{"index":"index","follow":"follow","max-snippet":"max-snippet:-1","max-image-preview":"max-image-preview:large","max-video-preview":"max-video-preview:-1"},"canonical":"https:\/\/www.puntafucinodoporco.gal\/es\/accesibilidad\/","og_locale":"es_ES","og_type":"article","og_title":"Accesibilidad - Punta Fuci\u00f1o do Porco","og_description":"[vc_row ct_row_stretch=\u00bbstretch_row_content_no_spaces\u00bb content_placement=\u00bbmiddle\u00bb ct_bg_image=\u00bb9161&#8243; ct_bg_repeat=\u00bbno-repeat\u00bb ct_bg_size=\u00bbcover\u00bb ct_bg_position=\u00bbcenter center\u00bb][vc_column css=\u00bb.vc_custom_1773402346154{padding-top: 100px !important;padding-bottom: 100px !important;}\u00bb][vc_row_inner content_placement=\u00bbmiddle\u00bb css=\u00bb.vc_custom_1774007248589{background-color: rgba(97,166,165,0.51) !important;*background-color: rgb(97,166,165) !important;}\u00bb][vc_column_inner][\/vc_column_inner][\/vc_row_inner][\/vc_column][\/vc_row][vc_row ct_row_stretch=\u00bb\u00bb][vc_column][\/vc_column][\/vc_row][vc_row ct_row_stretch=\u00bb\u00bb][vc_column][\/vc_column][\/vc_row][vc_row ct_row_stretch=\u00bb\u00bb][vc_column][vc_column_text] [\/vc_column_text][\/vc_column][\/vc_row]","og_url":"https:\/\/www.puntafucinodoporco.gal\/es\/accesibilidad\/","og_site_name":"Punta Fuci\u00f1o do Porco","article_modified_time":"2026-03-27T10:43:47+00:00","twitter_card":"summary_large_image","twitter_misc":{"Tiempo de lectura":"3 minutos"},"schema":{"@context":"https:\/\/schema.org","@graph":[{"@type":"WebPage","@id":"https:\/\/www.puntafucinodoporco.gal\/es\/accesibilidad\/","url":"https:\/\/www.puntafucinodoporco.gal\/es\/accesibilidad\/","name":"Accesibilidad - Punta Fuci\u00f1o do Porco","isPartOf":{"@id":"https:\/\/www.puntafucinodoporco.gal\/es\/#website"},"datePublished":"2026-03-26T08:06:01+00:00","dateModified":"2026-03-27T10:43:47+00:00","breadcrumb":{"@id":"https:\/\/www.puntafucinodoporco.gal\/es\/accesibilidad\/#breadcrumb"},"inLanguage":"es","potentialAction":[{"@type":"ReadAction","target":["https:\/\/www.puntafucinodoporco.gal\/es\/accesibilidad\/"]}]},{"@type":"BreadcrumbList","@id":"https:\/\/www.puntafucinodoporco.gal\/es\/accesibilidad\/#breadcrumb","itemListElement":[{"@type":"ListItem","position":1,"name":"Portada","item":"https:\/\/www.puntafucinodoporco.gal\/es\/"},{"@type":"ListItem","position":2,"name":"Accesibilidad"}]},{"@type":"WebSite","@id":"https:\/\/www.puntafucinodoporco.gal\/es\/#website","url":"https:\/\/www.puntafucinodoporco.gal\/es\/","name":"Punta Fuci\u00f1o do Porco","description":"","potentialAction":[{"@type":"SearchAction","target":{"@type":"EntryPoint","urlTemplate":"https:\/\/www.puntafucinodoporco.gal\/es\/?s={search_term_string}"},"query-input":{"@type":"PropertyValueSpecification","valueRequired":true,"valueName":"search_term_string"}}],"inLanguage":"es"}]}},"_links":{"self":[{"href":"https:\/\/www.puntafucinodoporco.gal\/es\/wp-json\/wp\/v2\/pages\/9994","targetHints":{"allow":["GET"]}}],"collection":[{"href":"https:\/\/www.puntafucinodoporco.gal\/es\/wp-json\/wp\/v2\/pages"}],"about":[{"href":"https:\/\/www.puntafucinodoporco.gal\/es\/wp-json\/wp\/v2\/types\/page"}],"author":[{"embeddable":true,"href":"https:\/\/www.puntafucinodoporco.gal\/es\/wp-json\/wp\/v2\/users\/1"}],"replies":[{"embeddable":true,"href":"https:\/\/www.puntafucinodoporco.gal\/es\/wp-json\/wp\/v2\/comments?post=9994"}],"version-history":[{"count":2,"href":"https:\/\/www.puntafucinodoporco.gal\/es\/wp-json\/wp\/v2\/pages\/9994\/revisions"}],"predecessor-version":[{"id":10033,"href":"https:\/\/www.puntafucinodoporco.gal\/es\/wp-json\/wp\/v2\/pages\/9994\/revisions\/10033"}],"wp:attachment":[{"href":"https:\/\/www.puntafucinodoporco.gal\/es\/wp-json\/wp\/v2\/media?parent=9994"}],"curies":[{"name":"wp","href":"https:\/\/api.w.org\/{rel}","templated":true}]}}