{"id":9947,"date":"2026-03-20T13:15:11","date_gmt":"2026-03-20T12:15:11","guid":{"rendered":"https:\/\/www.puntafucinodoporco.gal\/consellos\/"},"modified":"2026-03-26T09:24:11","modified_gmt":"2026-03-26T08:24:11","slug":"consejos","status":"publish","type":"page","link":"https:\/\/www.puntafucinodoporco.gal\/es\/consejos\/","title":{"rendered":"Consejos"},"content":{"rendered":"[vc_row ct_row_stretch=\u00bbstretch_row_content_no_spaces\u00bb content_placement=\u00bbmiddle\u00bb ct_bg_image=\u00bb9161&#8243; ct_bg_repeat=\u00bbno-repeat\u00bb ct_bg_size=\u00bbcover\u00bb ct_bg_position=\u00bbcenter center\u00bb][vc_column css=\u00bb.vc_custom_1773402346154{padding-top: 100px !important;padding-bottom: 100px !important;}\u00bb][vc_row_inner content_placement=\u00bbmiddle\u00bb css=\u00bb.vc_custom_1774007248589{background-color: rgba(97,166,165,0.51) !important;*background-color: rgb(97,166,165) !important;}\u00bb][vc_column_inner]<div id=\"ultimate-heading-40769e612f09a25c\" class=\"uvc-heading ult-adjust-bottom-margin ultimate-heading-40769e612f09a25c uvc-3797 \" data-hspacer=\"no_spacer\"  data-halign=\"center\" style=\"text-align:center\"><div class=\"uvc-heading-spacer no_spacer\" style=\"top\"><\/div><div class=\"uvc-main-heading ult-responsive\"  data-ultimate-target='.uvc-heading.ultimate-heading-40769e612f09a25c h1'  data-responsive-json-new='{\"font-size\":\"desktop:50px;\",\"line-height\":\"desktop:50px;\"}' ><h1 style=\"font-family:&#039;Montserrat&#039;;font-weight:200;color:#ffffff;margin-top:20px;margin-bottom:20px;\">CONSEJOS<\/h1><\/div><\/div>[\/vc_column_inner][\/vc_row_inner][\/vc_column][\/vc_row][vc_row ct_row_stretch=\u00bb\u00bb][vc_column width=\u00bb5\/6&#8243; offset=\u00bbvc_col-lg-offset-1 vc_col-md-offset-1 vc_col-sm-offset-1&#8243;]<div class=\"ult-spacer spacer-69e612f09a2c1\" data-id=\"69e612f09a2c1\" data-height=\"50\" data-height-mobile=\"50\" data-height-tab=\"50\" data-height-tab-portrait=\"\" data-height-mobile-landscape=\"\" style=\"clear:both;display:block;\"><\/div><div id=\"ultimate-heading-996969e612f09a30e\" class=\"uvc-heading ult-adjust-bottom-margin ultimate-heading-996969e612f09a30e uvc-7423 titular3\" data-hspacer=\"no_spacer\"  data-halign=\"center\" style=\"text-align:center\"><div class=\"uvc-heading-spacer no_spacer\" style=\"top\"><\/div><div class=\"uvc-main-heading ult-responsive\"  data-ultimate-target='.uvc-heading.ultimate-heading-996969e612f09a30e h2'  data-responsive-json-new='{\"font-size\":\"\",\"line-height\":\"\"}' ><h2 style=\"font-weight:normal;\">CONSEJO <b>AL LLEGAR<\/b><\/h2><\/div><\/div><div class=\"ult-spacer spacer-69e612f09a346\" data-id=\"69e612f09a346\" data-height=\"50\" data-height-mobile=\"50\" data-height-tab=\"50\" data-height-tab-portrait=\"\" data-height-mobile-landscape=\"\" style=\"clear:both;display:block;\"><\/div><div id=\"ultimate-heading-915869e612f09a376\" class=\"uvc-heading ult-adjust-bottom-margin ultimate-heading-915869e612f09a376 uvc-390 \" data-hspacer=\"no_spacer\"  data-halign=\"left\" style=\"text-align:left\"><div class=\"uvc-heading-spacer no_spacer\" style=\"top\"><\/div><div class=\"uvc-sub-heading ult-responsive\"  data-ultimate-target='.uvc-heading.ultimate-heading-915869e612f09a376 .uvc-sub-heading '  data-responsive-json-new='{\"font-size\":\"\",\"line-height\":\"desktop:25px;\"}'  style=\"font-weight:normal;\">Para visitarlo <strong>te recomendamos dejar el coche cerca de la playa de Abrela<\/strong> y desde all\u00ed tomar la senda azul que te llevar\u00e1 directamente a O Fuci\u00f1o do Porco. Deber\u00e1s subir por la carretera hasta llegar a una pista de tierra a mano derecha, luego caminando entre eucaliptos ver\u00e1s una bifurcaci\u00f3n, sigue a la izquierda <strong>siempre por el sendero m\u00e1s amplio hasta que al acercarte a las pasarelas puedas ver el mar<\/strong>.<\/p>\n<p>Una vez llegues a las pasarelas, rec\u00f3rrelas sin prisa, <strong>disfruta del fant\u00e1stico entorno hasta llegar a la baliza luminosa que indica el final del recorrido<\/strong>. Aunque se trate de una ruta con escaleras y alg\u00fan que otro sube y baja, <strong>es un recorrido muy recomendable para hacer con ni\u00f1os\/as, les encantar\u00e1<\/strong>.<\/div><\/div><div class=\"ult-spacer spacer-69e612f09a3a7\" data-id=\"69e612f09a3a7\" data-height=\"50\" data-height-mobile=\"50\" data-height-tab=\"50\" data-height-tab-portrait=\"\" data-height-mobile-landscape=\"\" style=\"clear:both;display:block;\"><\/div>[\/vc_column][\/vc_row][vc_row ct_row_stretch=\u00bb\u00bb][vc_column]<div class=\"ult-spacer spacer-69e612f09a3c9\" data-id=\"69e612f09a3c9\" data-height=\"50\" data-height-mobile=\"50\" data-height-tab=\"50\" data-height-tab-portrait=\"\" data-height-mobile-landscape=\"\" style=\"clear:both;display:block;\"><\/div>[vc_separator color=\u00bbcustom\u00bb accent_color=\u00bb#61a6a5&#8243;]<div class=\"ult-spacer spacer-69e612f09a3e9\" data-id=\"69e612f09a3e9\" data-height=\"50\" data-height-mobile=\"50\" data-height-tab=\"50\" data-height-tab-portrait=\"\" data-height-mobile-landscape=\"\" style=\"clear:both;display:block;\"><\/div>[\/vc_column][\/vc_row][vc_row ct_row_stretch=\u00bbstretch_row\u00bb equal_height=\u00bbyes\u00bb content_placement=\u00bbbottom\u00bb full_width=\u00bbstretch_row\u00bb use_row_as_full_screen_section=\u00bbno\u00bb type=\u00bbgrid\u00bb][vc_column width=\u00bb5\/6&#8243; offset=\u00bbvc_col-lg-offset-1 vc_col-md-offset-1 vc_col-sm-offset-1&#8243;]<div class=\"ult-spacer spacer-69e612f09a40b\" data-id=\"69e612f09a40b\" data-height=\"50\" data-height-mobile=\"45\" data-height-tab=\"\" data-height-tab-portrait=\"\" data-height-mobile-landscape=\"45\" style=\"clear:both;display:block;\"><\/div><div id=\"ultimate-heading-76669e612f09a435\" class=\"uvc-heading ult-adjust-bottom-margin ultimate-heading-76669e612f09a435 uvc-3452 titular3\" data-hspacer=\"no_spacer\"  data-halign=\"center\" style=\"text-align:center\"><div class=\"uvc-heading-spacer no_spacer\" style=\"top\"><\/div><div class=\"uvc-main-heading ult-responsive\"  data-ultimate-target='.uvc-heading.ultimate-heading-76669e612f09a435 h2'  data-responsive-json-new='{\"font-size\":\"\",\"line-height\":\"\"}' ><h2 style=\"font-weight:normal;\">CONSEJOS <b>DE SEGURIDAD<\/b><\/h2><\/div><\/div><div class=\"ult-spacer spacer-69e612f09a462\" data-id=\"69e612f09a462\" data-height=\"50\" data-height-mobile=\"50\" data-height-tab=\"50\" data-height-tab-portrait=\"\" data-height-mobile-landscape=\"\" style=\"clear:both;display:block;\"><\/div><div id=\"ultimate-heading-642269e612f09a48d\" class=\"uvc-heading ult-adjust-bottom-margin ultimate-heading-642269e612f09a48d uvc-4166 lista\" data-hspacer=\"no_spacer\"  data-halign=\"left\" style=\"text-align:left\"><div class=\"uvc-heading-spacer no_spacer\" style=\"top\"><\/div><div class=\"uvc-sub-heading ult-responsive\"  data-ultimate-target='.uvc-heading.ultimate-heading-642269e612f09a48d .uvc-sub-heading '  data-responsive-json-new='{\"font-size\":\"\",\"line-height\":\"\"}'  style=\"font-weight:normal;\">Le recordamos algunos consejos para que disfrute de su visita con total seguridad para que la experiencia resulte totalmente satisfactoria:<\/p>\n<p>&nbsp;<\/p>\n<ul>\n<li>No se olvide que visita una zona de acantilados, bellos, pero que entra\u00f1an riesgo.<\/li>\n<li>No salga del sendero delimitado para la visita en ning\u00fan caso.<\/li>\n<li>No se apoye en las barandillas y mucho menos se suba a ellas.<\/li>\n<li>No se acerque a los acantilados en ning\u00fan caso.<\/li>\n<li>No arroje piedras, palos o cualquier otra cosa al mar, espacios vac\u00edos o cualquier espacio.<\/li>\n<li>Si le acompa\u00f1an menores ll\u00e9velos de la mano y a su lado en todo momento.<\/li>\n<li>Si acude con mascota ll\u00e9vela siempre con correa y seg\u00fan la normativa legal al respecto.<\/li>\n<li>Si hace fotograf\u00edas, v\u00eddeo o cualquier otro audiovisual, h\u00e1galas siempre desde el sendero y nunca fuera del mismo, velando por su seguridad y la de las personas que salen en la toma en todo momento.<\/li>\n<li>Muestre siempre un comportamiento c\u00edvico y educado con las personas y con el entorno natural.<\/li>\n<li>Respete la normativa sanitaria COVID-19 en todo momento (uso de mascarillas, distancia interpersonal, sentido com\u00fan\u2026).<\/li>\n<\/ul>\n<\/div><\/div>[\/vc_column][vc_column][\/vc_column][\/vc_row][vc_row ct_row_stretch=\u00bb\u00bb][vc_column]<div class=\"ult-spacer spacer-69e612f09a4b8\" data-id=\"69e612f09a4b8\" data-height=\"120\" data-height-mobile=\"120\" data-height-tab=\"120\" data-height-tab-portrait=\"\" data-height-mobile-landscape=\"\" style=\"clear:both;display:block;\"><\/div>[vc_column_text][\/vc_column_text][\/vc_column][\/vc_row]\n","protected":false},"excerpt":{"rendered":"<p>[vc_row ct_row_stretch=\u00bbstretch_row_content_no_spaces\u00bb content_placement=\u00bbmiddle\u00bb ct_bg_image=\u00bb9161&#8243; ct_bg_repeat=\u00bbno-repeat\u00bb ct_bg_size=\u00bbcover\u00bb ct_bg_position=\u00bbcenter center\u00bb][vc_column css=\u00bb.vc_custom_1773402346154{padding-top: 100px !important;padding-bottom: 100px !important;}\u00bb][vc_row_inner content_placement=\u00bbmiddle\u00bb css=\u00bb.vc_custom_1774007248589{background-color: rgba(97,166,165,0.51) !important;*background-color: rgb(97,166,165) !important;}\u00bb][vc_column_inner][\/vc_column_inner][\/vc_row_inner][\/vc_column][\/vc_row][vc_row ct_row_stretch=\u00bb\u00bb][vc_column width=\u00bb5\/6&#8243; offset=\u00bbvc_col-lg-offset-1 vc_col-md-offset-1 vc_col-sm-offset-1&#8243;][\/vc_column][\/vc_row][vc_row ct_row_stretch=\u00bb\u00bb][vc_column][vc_separator color=\u00bbcustom\u00bb accent_color=\u00bb#61a6a5&#8243;][\/vc_column][\/vc_row][vc_row ct_row_stretch=\u00bbstretch_row\u00bb equal_height=\u00bbyes\u00bb content_placement=\u00bbbottom\u00bb full_width=\u00bbstretch_row\u00bb use_row_as_full_screen_section=\u00bbno\u00bb type=\u00bbgrid\u00bb][vc_column width=\u00bb5\/6&#8243; offset=\u00bbvc_col-lg-offset-1 vc_col-md-offset-1 vc_col-sm-offset-1&#8243;][\/vc_column][vc_column][\/vc_column][\/vc_row][vc_row ct_row_stretch=\u00bb\u00bb][vc_column][vc_column_text][\/vc_column_text][\/vc_column][\/vc_row]<\/p>\n","protected":false},"author":1,"featured_media":0,"parent":0,"menu_order":0,"comment_status":"closed","ping_status":"closed","template":"","meta":{"footnotes":""},"class_list":["post-9947","page","type-page","status-publish","hentry"],"yoast_head":"<!-- This site is optimized with the Yoast SEO plugin v27.4 - https:\/\/yoast.com\/product\/yoast-seo-wordpress\/ -->\n<title>Consejos - Punta Fuci\u00f1o do Porco<\/title>\n<meta name=\"robots\" content=\"index, follow, max-snippet:-1, max-image-preview:large, max-video-preview:-1\" \/>\n<link rel=\"canonical\" href=\"https:\/\/www.puntafucinodoporco.gal\/es\/consejos\/\" \/>\n<meta property=\"og:locale\" content=\"es_ES\" \/>\n<meta property=\"og:type\" content=\"article\" \/>\n<meta property=\"og:title\" content=\"Consejos - Punta Fuci\u00f1o do Porco\" \/>\n<meta property=\"og:description\" content=\"[vc_row ct_row_stretch=\u00bbstretch_row_content_no_spaces\u00bb content_placement=\u00bbmiddle\u00bb ct_bg_image=\u00bb9161&#8243; ct_bg_repeat=\u00bbno-repeat\u00bb ct_bg_size=\u00bbcover\u00bb ct_bg_position=\u00bbcenter center\u00bb][vc_column css=\u00bb.vc_custom_1773402346154{padding-top: 100px !important;padding-bottom: 100px !important;}\u00bb][vc_row_inner content_placement=\u00bbmiddle\u00bb css=\u00bb.vc_custom_1774007248589{background-color: rgba(97,166,165,0.51) !important;*background-color: rgb(97,166,165) !important;}\u00bb][vc_column_inner][\/vc_column_inner][\/vc_row_inner][\/vc_column][\/vc_row][vc_row ct_row_stretch=\u00bb\u00bb][vc_column width=\u00bb5\/6&#8243; offset=\u00bbvc_col-lg-offset-1 vc_col-md-offset-1 vc_col-sm-offset-1&#8243;][\/vc_column][\/vc_row][vc_row ct_row_stretch=\u00bb\u00bb][vc_column][vc_separator color=\u00bbcustom\u00bb accent_color=\u00bb#61a6a5&#8243;][\/vc_column][\/vc_row][vc_row ct_row_stretch=\u00bbstretch_row\u00bb equal_height=\u00bbyes\u00bb content_placement=\u00bbbottom\u00bb full_width=\u00bbstretch_row\u00bb use_row_as_full_screen_section=\u00bbno\u00bb type=\u00bbgrid\u00bb][vc_column width=\u00bb5\/6&#8243; offset=\u00bbvc_col-lg-offset-1 vc_col-md-offset-1 vc_col-sm-offset-1&#8243;][\/vc_column][vc_column][\/vc_column][\/vc_row][vc_row ct_row_stretch=\u00bb\u00bb][vc_column][vc_column_text][\/vc_column_text][\/vc_column][\/vc_row]\" \/>\n<meta property=\"og:url\" content=\"https:\/\/www.puntafucinodoporco.gal\/es\/consejos\/\" \/>\n<meta property=\"og:site_name\" content=\"Punta Fuci\u00f1o do Porco\" \/>\n<meta property=\"article:modified_time\" content=\"2026-03-26T08:24:11+00:00\" \/>\n<meta name=\"twitter:card\" content=\"summary_large_image\" \/>\n<meta name=\"twitter:label1\" content=\"Tiempo de lectura\" \/>\n\t<meta name=\"twitter:data1\" content=\"2 minutos\" \/>\n<script type=\"application\/ld+json\" class=\"yoast-schema-graph\">{\"@context\":\"https:\\\/\\\/schema.org\",\"@graph\":[{\"@type\":\"WebPage\",\"@id\":\"https:\\\/\\\/www.puntafucinodoporco.gal\\\/es\\\/consejos\\\/\",\"url\":\"https:\\\/\\\/www.puntafucinodoporco.gal\\\/es\\\/consejos\\\/\",\"name\":\"Consejos - Punta Fuci\u00f1o do Porco\",\"isPartOf\":{\"@id\":\"https:\\\/\\\/www.puntafucinodoporco.gal\\\/es\\\/#website\"},\"datePublished\":\"2026-03-20T12:15:11+00:00\",\"dateModified\":\"2026-03-26T08:24:11+00:00\",\"breadcrumb\":{\"@id\":\"https:\\\/\\\/www.puntafucinodoporco.gal\\\/es\\\/consejos\\\/#breadcrumb\"},\"inLanguage\":\"es\",\"potentialAction\":[{\"@type\":\"ReadAction\",\"target\":[\"https:\\\/\\\/www.puntafucinodoporco.gal\\\/es\\\/consejos\\\/\"]}]},{\"@type\":\"BreadcrumbList\",\"@id\":\"https:\\\/\\\/www.puntafucinodoporco.gal\\\/es\\\/consejos\\\/#breadcrumb\",\"itemListElement\":[{\"@type\":\"ListItem\",\"position\":1,\"name\":\"Portada\",\"item\":\"https:\\\/\\\/www.puntafucinodoporco.gal\\\/es\\\/\"},{\"@type\":\"ListItem\",\"position\":2,\"name\":\"Consejos\"}]},{\"@type\":\"WebSite\",\"@id\":\"https:\\\/\\\/www.puntafucinodoporco.gal\\\/es\\\/#website\",\"url\":\"https:\\\/\\\/www.puntafucinodoporco.gal\\\/es\\\/\",\"name\":\"Punta Fuci\u00f1o do Porco\",\"description\":\"\",\"potentialAction\":[{\"@type\":\"SearchAction\",\"target\":{\"@type\":\"EntryPoint\",\"urlTemplate\":\"https:\\\/\\\/www.puntafucinodoporco.gal\\\/es\\\/?s={search_term_string}\"},\"query-input\":{\"@type\":\"PropertyValueSpecification\",\"valueRequired\":true,\"valueName\":\"search_term_string\"}}],\"inLanguage\":\"es\"}]}<\/script>\n<!-- \/ Yoast SEO plugin. -->","yoast_head_json":{"title":"Consejos - Punta Fuci\u00f1o do Porco","robots":{"index":"index","follow":"follow","max-snippet":"max-snippet:-1","max-image-preview":"max-image-preview:large","max-video-preview":"max-video-preview:-1"},"canonical":"https:\/\/www.puntafucinodoporco.gal\/es\/consejos\/","og_locale":"es_ES","og_type":"article","og_title":"Consejos - Punta Fuci\u00f1o do Porco","og_description":"[vc_row ct_row_stretch=\u00bbstretch_row_content_no_spaces\u00bb content_placement=\u00bbmiddle\u00bb ct_bg_image=\u00bb9161&#8243; ct_bg_repeat=\u00bbno-repeat\u00bb ct_bg_size=\u00bbcover\u00bb ct_bg_position=\u00bbcenter center\u00bb][vc_column css=\u00bb.vc_custom_1773402346154{padding-top: 100px !important;padding-bottom: 100px !important;}\u00bb][vc_row_inner content_placement=\u00bbmiddle\u00bb css=\u00bb.vc_custom_1774007248589{background-color: rgba(97,166,165,0.51) !important;*background-color: rgb(97,166,165) !important;}\u00bb][vc_column_inner][\/vc_column_inner][\/vc_row_inner][\/vc_column][\/vc_row][vc_row ct_row_stretch=\u00bb\u00bb][vc_column width=\u00bb5\/6&#8243; offset=\u00bbvc_col-lg-offset-1 vc_col-md-offset-1 vc_col-sm-offset-1&#8243;][\/vc_column][\/vc_row][vc_row ct_row_stretch=\u00bb\u00bb][vc_column][vc_separator color=\u00bbcustom\u00bb accent_color=\u00bb#61a6a5&#8243;][\/vc_column][\/vc_row][vc_row ct_row_stretch=\u00bbstretch_row\u00bb equal_height=\u00bbyes\u00bb content_placement=\u00bbbottom\u00bb full_width=\u00bbstretch_row\u00bb use_row_as_full_screen_section=\u00bbno\u00bb type=\u00bbgrid\u00bb][vc_column width=\u00bb5\/6&#8243; offset=\u00bbvc_col-lg-offset-1 vc_col-md-offset-1 vc_col-sm-offset-1&#8243;][\/vc_column][vc_column][\/vc_column][\/vc_row][vc_row ct_row_stretch=\u00bb\u00bb][vc_column][vc_column_text][\/vc_column_text][\/vc_column][\/vc_row]","og_url":"https:\/\/www.puntafucinodoporco.gal\/es\/consejos\/","og_site_name":"Punta Fuci\u00f1o do Porco","article_modified_time":"2026-03-26T08:24:11+00:00","twitter_card":"summary_large_image","twitter_misc":{"Tiempo de lectura":"2 minutos"},"schema":{"@context":"https:\/\/schema.org","@graph":[{"@type":"WebPage","@id":"https:\/\/www.puntafucinodoporco.gal\/es\/consejos\/","url":"https:\/\/www.puntafucinodoporco.gal\/es\/consejos\/","name":"Consejos - Punta Fuci\u00f1o do Porco","isPartOf":{"@id":"https:\/\/www.puntafucinodoporco.gal\/es\/#website"},"datePublished":"2026-03-20T12:15:11+00:00","dateModified":"2026-03-26T08:24:11+00:00","breadcrumb":{"@id":"https:\/\/www.puntafucinodoporco.gal\/es\/consejos\/#breadcrumb"},"inLanguage":"es","potentialAction":[{"@type":"ReadAction","target":["https:\/\/www.puntafucinodoporco.gal\/es\/consejos\/"]}]},{"@type":"BreadcrumbList","@id":"https:\/\/www.puntafucinodoporco.gal\/es\/consejos\/#breadcrumb","itemListElement":[{"@type":"ListItem","position":1,"name":"Portada","item":"https:\/\/www.puntafucinodoporco.gal\/es\/"},{"@type":"ListItem","position":2,"name":"Consejos"}]},{"@type":"WebSite","@id":"https:\/\/www.puntafucinodoporco.gal\/es\/#website","url":"https:\/\/www.puntafucinodoporco.gal\/es\/","name":"Punta Fuci\u00f1o do Porco","description":"","potentialAction":[{"@type":"SearchAction","target":{"@type":"EntryPoint","urlTemplate":"https:\/\/www.puntafucinodoporco.gal\/es\/?s={search_term_string}"},"query-input":{"@type":"PropertyValueSpecification","valueRequired":true,"valueName":"search_term_string"}}],"inLanguage":"es"}]}},"_links":{"self":[{"href":"https:\/\/www.puntafucinodoporco.gal\/es\/wp-json\/wp\/v2\/pages\/9947","targetHints":{"allow":["GET"]}}],"collection":[{"href":"https:\/\/www.puntafucinodoporco.gal\/es\/wp-json\/wp\/v2\/pages"}],"about":[{"href":"https:\/\/www.puntafucinodoporco.gal\/es\/wp-json\/wp\/v2\/types\/page"}],"author":[{"embeddable":true,"href":"https:\/\/www.puntafucinodoporco.gal\/es\/wp-json\/wp\/v2\/users\/1"}],"replies":[{"embeddable":true,"href":"https:\/\/www.puntafucinodoporco.gal\/es\/wp-json\/wp\/v2\/comments?post=9947"}],"version-history":[{"count":2,"href":"https:\/\/www.puntafucinodoporco.gal\/es\/wp-json\/wp\/v2\/pages\/9947\/revisions"}],"predecessor-version":[{"id":9949,"href":"https:\/\/www.puntafucinodoporco.gal\/es\/wp-json\/wp\/v2\/pages\/9947\/revisions\/9949"}],"wp:attachment":[{"href":"https:\/\/www.puntafucinodoporco.gal\/es\/wp-json\/wp\/v2\/media?parent=9947"}],"curies":[{"name":"wp","href":"https:\/\/api.w.org\/{rel}","templated":true}]}}