{"id":9997,"date":"2026-03-26T09:04:27","date_gmt":"2026-03-26T08:04:27","guid":{"rendered":"https:\/\/www.puntafucinodoporco.gal\/politica-de-cookies\/"},"modified":"2026-03-26T09:41:47","modified_gmt":"2026-03-26T08:41:47","slug":"cookies-policy","status":"publish","type":"page","link":"https:\/\/www.puntafucinodoporco.gal\/en\/cookies-policy\/","title":{"rendered":"Cookies Policy"},"content":{"rendered":"[vc_row ct_row_stretch=&#8221;stretch_row_content_no_spaces&#8221; content_placement=&#8221;middle&#8221; ct_bg_image=&#8221;9161&#8243; ct_bg_repeat=&#8221;no-repeat&#8221; ct_bg_size=&#8221;cover&#8221; ct_bg_position=&#8221;center center&#8221;][vc_column css=&#8221;.vc_custom_1773402346154{padding-top: 100px !important;padding-bottom: 100px !important;}&#8221;][vc_row_inner content_placement=&#8221;middle&#8221; css=&#8221;.vc_custom_1774007248589{background-color: rgba(97,166,165,0.51) !important;*background-color: rgb(97,166,165) !important;}&#8221;][vc_column_inner]<div id=\"ultimate-heading-185769e6132a0e743\" class=\"uvc-heading ult-adjust-bottom-margin ultimate-heading-185769e6132a0e743 uvc-3888 \" data-hspacer=\"no_spacer\"  data-halign=\"center\" style=\"text-align:center\"><div class=\"uvc-heading-spacer no_spacer\" style=\"top\"><\/div><div class=\"uvc-main-heading ult-responsive\"  data-ultimate-target='.uvc-heading.ultimate-heading-185769e6132a0e743 h1'  data-responsive-json-new='{\"font-size\":\"desktop:50px;\",\"line-height\":\"desktop:50px;\"}' ><h1 style=\"font-family:&#039;Montserrat&#039;;font-weight:200;color:#ffffff;margin-top:20px;margin-bottom:20px;\">COOKIES POLICY<\/h1><\/div><\/div>[\/vc_column_inner][\/vc_row_inner][\/vc_column][\/vc_row][vc_row ct_row_stretch=&#8221;&#8221;][vc_column]<div class=\"ult-spacer spacer-69e6132a0e7e8\" data-id=\"69e6132a0e7e8\" data-height=\"50\" data-height-mobile=\"50\" data-height-tab=\"50\" data-height-tab-portrait=\"\" data-height-mobile-landscape=\"\" style=\"clear:both;display:block;\"><\/div><div id=\"ultimate-heading-769069e6132a0e84f\" class=\"uvc-heading ult-adjust-bottom-margin ultimate-heading-769069e6132a0e84f uvc-6006 titular3\" data-hspacer=\"no_spacer\"  data-halign=\"left\" style=\"text-align:left\"><div class=\"uvc-heading-spacer no_spacer\" style=\"top\"><\/div><div class=\"uvc-main-heading ult-responsive\"  data-ultimate-target='.uvc-heading.ultimate-heading-769069e6132a0e84f h2'  data-responsive-json-new='{\"font-size\":\"\",\"line-height\":\"\"}' ><h2 style=\"font-weight:normal;margin-bottom:30px;\">COOKIES <b>POLICY<\/b><\/h2><\/div><div class=\"uvc-sub-heading ult-responsive\"  data-ultimate-target='.uvc-heading.ultimate-heading-769069e6132a0e84f .uvc-sub-heading '  data-responsive-json-new='{\"font-size\":\"\",\"line-height\":\"\"}'  style=\"font-weight:normal;\">\n<div class=\"entry-content\">\n<h2 class=\"wp-block-heading\">Datos do Responsable<\/h2>\n<p><strong>\u2013 Identidade do Responsable:<\/strong> Concello do Vicedo<\/p>\n<p><strong>\u2013 Nome comercial:<\/strong>\u00a0 Punta Fuci\u00f1o do Porco<\/p>\n<p><strong>\u2013 NIF\/CIF:<\/strong> P2706400E<\/p>\n<p><strong>\u2013 Direcci\u00f3n:<\/strong>\u00a0 Traves\u00eda da Mari\u00f1a, 57. 27860 O Vicedo (Lugo)<\/p>\n<p><strong>\u2013 Correo electr\u00f3nico:<\/strong> concello@concellodovicedo.org<\/p>\n<p>Neste espazo, o USUARIO poder\u00e1 atopar toda a informaci\u00f3n relativa aos termos e condici\u00f3ns legais que definen as relaci\u00f3ns entre os usuarios e n\u00f3s como responsables desta web. Como usuario, \u00e9 importante que co\u00f1ezas estes termos antes de continuar a t\u00faa navegaci\u00f3n.<\/p>\n<p>O Concello do Vicedo, como responsable desta web, asume o compromiso de procesar a informaci\u00f3n dos nosos usuarios e clientes con plenas garant\u00edas e cumprir cos requisitos nacionais e europeos que regulan a recompilaci\u00f3n e uso dos datos persoais dos nosos usuarios.<\/p>\n<p>Esta web, por tanto, cumpre rigorosamente co RGPD (REGULAMENTO (UE) 2016\/679 de protecci\u00f3n de datos) e a LSSI-CE, a Lei 34\/2002, do 11 de xullo, de servizos da sociedade da informaci\u00f3n e de comercio electr\u00f3nico.<\/p>\n<h2>Condici\u00f3ns xerais de uso<\/h2>\n<p>As presentes Condici\u00f3ns Xerais regulan o uso (inclu\u00edndo o mero acceso) das p\u00e1xinas da web, integrantes do sitio web de Punta Fuci\u00f1o do Porco, inclu\u00eddos os contidos e servizos postos \u00e1 disposici\u00f3n nelas. Toda persoa que acceda \u00e1 web puntafucinodoporco.gal (\u201cUsuario\u201d) acepta someterse \u00e1s Condici\u00f3ns Xerais vixentes en cada momento do portal puntafucinodoporco.gal.<\/p>\n<h2>Datos persoais que recabamos e como o facemos<\/h2>\n<p>Ler Pol\u00edtica de Privacidade<\/p>\n<h2>Compromisos e obrigas dos usuarios<\/h2>\n<p>O Usuario queda informado, e acepta, que o acceso \u00e1 presente web non sup\u00f3n, en modo alg\u00fan, o inicio dunha relaci\u00f3n comercial con Punta Fuci\u00f1o do Porco. Desta forma, o usuario comprom\u00e9tese a utilizar o sitio Web, os seus servizos e contidos sen contravir a lexislaci\u00f3n vixente, a boa fe e a orde p\u00fablica.<\/p>\n<p>Queda prohibido o uso da web con fins il\u00edcitos ou lesivos, ou que, de calquera forma, poidan causar prexu\u00edzo ou impedir o funcionamento normal do sitio web. Respecto dos contidos desta web, proh\u00edbese:<\/p>\n<ul>\n<li>A s\u00faa reproduci\u00f3n, distribuci\u00f3n ou modificaci\u00f3n, total ou parcial, a menos que se conte coa autorizaci\u00f3n dos seus lex\u00edtimos titulares;<\/li>\n<li>Calquera vulneraci\u00f3n dos dereitos do prestador ou dos lex\u00edtimos titulares;<\/li>\n<li>A s\u00faa utilizaci\u00f3n para fins comerciais ou publicitarios.<\/li>\n<\/ul>\n<p>Na utilizaci\u00f3n da web puntafucinodoporco.gal, o Usuario comprom\u00e9tese a non levar a cabo ningunha conduta que puidera danar a imaxe, os intereses e os dereitos de Punta Fuci\u00f1o do Porco ou de terceiros, ou que puidera danar, inutilizar ou sobrecargar o portal ou que impedira, de calquera forma, a normal utilizaci\u00f3n da web.<\/p>\n<p>Non obstante, o Usuario debe ser consciente de que as medidas de seguridade dos sistemas inform\u00e1ticos en Internet non son enteiramente fiables e que, por tanto, Punta Fuci\u00f1o do Porco non pode garantir a inexistencia de virus ou outros elementos que poidan producir alteraci\u00f3ns nos sistemas inform\u00e1ticos (software e hardware) do Usuario ou nos seus documentos electr\u00f3nicos e ficheiros contidos neles.<\/p>\n<h2>Medidas de seguridade<\/h2>\n<p>Os datos persoais comunicados polo usuario a Punta Fuci\u00f1o do Porco poden ser almacenados en bases de datos automatizadas ou non, cuxa titularidade corresponde en exclusiva a Punta Fuci\u00f1o do Porco, asumindo esta todas as medidas de \u00edndole t\u00e9cnica, organizativa e de seguridade que garanten a confidencialidade, integridade e calidade da informaci\u00f3n contida nelas de acordo co establecido na normativa vixente en protecci\u00f3n de datos.<\/p>\n<p>A comunicaci\u00f3n entre os usuarios e Punta Fuci\u00f1o do Porco utiliza unha canle segura, e os datos transmitidos son cifrados grazas a protocolos https; por tanto, garantimos as mellores condici\u00f3ns de seguridade para que a confidencialidade dos usuarios estea garantida.<\/p>\n<h2>Reclamaci\u00f3ns<\/h2>\n<p>O Concello do Vicedo (Punta Fuci\u00f1o do Porco) informa de que existen follas de reclamaci\u00f3n \u00e1 disposici\u00f3n de usuarios e clientes.<\/p>\n<p>O Usuario poder\u00e1 realizar reclamaci\u00f3ns solicitando a s\u00faa folla de reclamaci\u00f3n ou enviando un correo electr\u00f3nico a concello@concellodovicedo.org indicando o seu nome e apelidos, o servizo e\/ou produto adquirido e expo\u00f1endo os motivos da s\u00faa reclamaci\u00f3n.<\/p>\n<p>O usuario\/comprador poder\u00e1 notificarnos a reclamaci\u00f3n, ben a trav\u00e9s de correo electr\u00f3nico a concello@concellodovicedo.org ou ben por correo postal dirixido a: Punta Fuci\u00f1o do Porco, na r\u00faa Traves\u00eda da Mari\u00f1a, 57. 27860 O Vicedo (Lugo) utilizando, se o desexa, o seguinte formulario de reclamaci\u00f3n:<\/p>\n<p>A la atenci\u00f3n de: Punta Fuci\u00f1o do Porco<br \/>\nTraves\u00eda da Mari\u00f1a, 57. 27860 O Vicedo (Lugo)<br \/>\nE-mail: concello@concellodovicedo.org<\/p>\n<p>O servizo\/produto:<br \/>\nAdquirido o d\u00eda:<br \/>\nNome do usuario:<br \/>\nDomicilio do usuario:<br \/>\nSinatura do usuario (s\u00f3 se se presenta en papel):<br \/>\nData:<br \/>\nMotivo da reclamaci\u00f3n:<\/p>\n<h2>Plataforma de resoluci\u00f3n de conflitos<\/h2>\n<p>Por se pode ser do teu interese, para someter as t\u00faas reclamaci\u00f3ns podes utilizar tam\u00e9n a plataforma de resoluci\u00f3n de litixios que facilita a Comisi\u00f3n Europea e que se atopa dispo\u00f1ible na seguinte ligaz\u00f3n: <a href=\"http:\/\/ec.europa.eu\/consumers\/odr\/\">\u00a0http:\/\/ec.europa.eu\/consumers\/odr\/<\/a><\/p>\n<h2>Dereitos de propiedade intelectual e industrial<\/h2>\n<p>En virtude do disposto nos artigos 8 e 32.1, par\u00e1grafo segundo, da Lei de Propiedade Intelectual, quedan expresamente prohibidas a reproduci\u00f3n, a distribuci\u00f3n e a comunicaci\u00f3n p\u00fablica, inclu\u00edda a s\u00faa modalidade de posta \u00e1 disposici\u00f3n, da totalidade ou parte dos contidos desta p\u00e1xina web, con fins comerciais, en calquera soporte e por calquera medio t\u00e9cnico, sen a autorizaci\u00f3n de Punta Fuci\u00f1o do Porco. O usuario comprom\u00e9tese a respectar os dereitos de Propiedade Intelectual e Industrial titularidade de Punta Fuci\u00f1o do Porco.<\/p>\n<p>O usuario co\u00f1ece e acepta que a totalidade do sitio web, contendo sen car\u00e1cter exhaustivo o texto, software, contidos (inclu\u00edndo estrutura, selecci\u00f3n, ordenaci\u00f3n e presentaci\u00f3n dos mesmos) podcast, fotograf\u00edas, material audiovisual e gr\u00e1ficos, est\u00e1 protexida por marcas, dereitos de autor e outros dereitos lex\u00edtimos, de acordo cos tratados internacionais nos que Espa\u00f1a \u00e9 parte e outros dereitos de propiedade e leis de Espa\u00f1a.<\/p>\n<p>No caso de que un usuario ou un terceiro consideren que se produciu unha violaci\u00f3n dos seus lex\u00edtimos dereitos de propiedade intelectual pola introduci\u00f3n dun determinado contido na web, deber\u00e1 notificar dita circunstancia a Punta Fuci\u00f1o do Porco indicando:<\/p>\n<ul>\n<li>Datos persoais do interesado titular dos dereitos presuntamente infrinxidos, ou indicar a representaci\u00f3n coa que act\u00faa no caso de que a reclamaci\u00f3n a presente un terceiro distinto do interesado.<\/li>\n<li>Sinalar os contidos protexidos polos dereitos de propiedade intelectual e a s\u00faa localizaci\u00f3n na web, a acreditaci\u00f3n dos dereitos de propiedade intelectual sinalados e unha declaraci\u00f3n expresa na que o interesado se responsabiliza da veracidade das informaci\u00f3ns facilitadas na notificaci\u00f3n.<\/li>\n<\/ul>\n<h2>Ligaz\u00f3ns externas<\/h2>\n<p>As p\u00e1xinas da web puntafucinodoporco.gal proporcionan ligaz\u00f3ns a outros sitios web propios e contidos que son propiedade de terceiros, tales como:<\/p>\n<ul>\n<li>Contidos de outras web<\/li>\n<li>Informaci\u00f3n<\/li>\n<li>Recursos<\/li>\n<\/ul>\n<p>O \u00fanico obxecto das ligaz\u00f3ns \u00e9 proporcionar ao Usuario a posibilidade de acceder a ditas ligaz\u00f3ns.<\/p>\n<p>Punta Fuci\u00f1o do Porco non se responsabiliza en ning\u00fan caso dos resultados que poidan derivarse ao Usuario polo acceso a ditas ligaz\u00f3ns.<\/p>\n<p>As\u00ed mesmo, o usuario atopar\u00e1 dentro deste sitio p\u00e1xinas, promoci\u00f3ns e programas de afiliados que acceden aos h\u00e1bitos de navegaci\u00f3n dos usuarios para establecer perf\u00eds. Esta informaci\u00f3n sempre \u00e9 an\u00f3nima e non se identifica ao usuario.<\/p>\n<p>A informaci\u00f3n que se proporcione nestes sitios patrocinados ou ligaz\u00f3ns de afiliados est\u00e1 suxeita \u00e1s pol\u00edticas de privacidade que se utilicen en ditos sitios e non estar\u00e1 suxeita a esta pol\u00edtica de privacidade. Polo tanto, recomendados encarecidamente aos Usuarios que revisen detalladamente as pol\u00edticas de privacidade das ligaz\u00f3ns de afiliado.<\/p>\n<p>O Usuario que se propo\u00f1a establecer calquera dispositivo t\u00e9cnico de ligaz\u00f3n desde o seu sitio web ao portal puntafucinodoporco.gal deber\u00e1 obter a autorizaci\u00f3n previa e escrita do Concello do Vicedo. O establecemento da ligaz\u00f3n non implica en ning\u00fan caso a existencia de relaci\u00f3ns entre Punta Fuci\u00f1o do Porco e o propietario do sitio no que se estableza a ligaz\u00f3n, nin a aceptaci\u00f3n ou aprobaci\u00f3n por parte de Punta Fuci\u00f1o do Porco dos seus contidos ou servizos.<\/p>\n<h2>Pol\u00edtica de comentarios<\/h2>\n<p>Na nosa web perm\u00edtense realizar comentarios para enriquecer os contidos e realizar consultas.<\/p>\n<p>Non se admitir\u00e1n comentarios que non estean relacionados coa tem\u00e1tica desta web, que incl\u00faan difamaci\u00f3ns, agravios, insultos, ataques persoais ou faltas de respecto en xeral cara ao autor ou cara a outros membros.<\/p>\n<p>Tam\u00e9n ser\u00e1n suprimidos os comentarios que conte\u00f1an informaci\u00f3n que sexa obviamente enganosa ou falsa, as\u00ed como os comentarios que conte\u00f1an informaci\u00f3n persoal, como, por exemplo, domicilios privados ou tel\u00e9fonos e que vulneren a nosa pol\u00edtica de protecci\u00f3n de datos.<\/p>\n<p>Desestimaranse, igualmente, aqueles comentarios creados s\u00f3 con fins promocionais dunha web, persoa ou colectivo e todo o que poida ser considerado spam en xeral.<\/p>\n<p>Non se permiten comentarios an\u00f3nimos, as\u00ed como aqueles realizados por unha mesma persoa con distintos alcumes. Non se considerar\u00e1n tampouco aqueles comentarios que intenten forzar un debate ou unha toma de postura por outro usuario.<\/p>\n<h2>Exclusi\u00f3n de garant\u00edas e responsabilidades<\/h2>\n<p>O Prestador non outorga ningunha garant\u00eda nin se fai responsable, en ning\u00fan caso, dos danos e prexu\u00edzos de calquera natureza que puideran traer causa de:<\/p>\n<ul>\n<li>A falta de dispo\u00f1ibilidade, mantemento e efectivo funcionamento da web, ou dos seus servizos e contidos;<\/li>\n<li>A existencia de virus, programas maliciosos ou lesivos nos contidos;<\/li>\n<li>O uso il\u00edcito, neglixente, fraudulento ou contrario a este Aviso Legal;<\/li>\n<li>A falta de licitude, calidade, fiabilidade, utilidade e dispo\u00f1ibilidade dos servizos prestados por terceiros e postos \u00e1 disposici\u00f3n dos usuarios no sitio web.<\/li>\n<li>O prestador non se fai responsable baixo ning\u00fan concepto dos danos que puideran dimanar do uso ilegal ou indebido da presente p\u00e1xina web.<\/li>\n<\/ul>\n<h2>Lei aplicable e xurisdici\u00f3n<\/h2>\n<p>Con car\u00e1cter xeral, as relaci\u00f3ns entre Punta Fuci\u00f1o do Porco cos Usuarios dos seus servizos telem\u00e1ticos presentes nesta web at\u00f3panse sometidas \u00e1 lexislaci\u00f3n e xurisdici\u00f3n espa\u00f1olas e aos tribunais de Lugo.<\/p>\n<h2>Contacto<\/h2>\n<p>No caso de que calquera Usuario tivese algunha d\u00fabida acerca destas Condici\u00f3ns legais ou calquera comentario sobre o portal puntafucinodoporco.gal, por favor dir\u00edxase a concello@concellodovicedo.org<\/p>\n<\/div>\n<\/div><\/div><div class=\"ult-spacer spacer-69e6132a0e8a0\" data-id=\"69e6132a0e8a0\" data-height=\"50\" data-height-mobile=\"50\" data-height-tab=\"50\" data-height-tab-portrait=\"\" data-height-mobile-landscape=\"\" style=\"clear:both;display:block;\"><\/div>[\/vc_column][\/vc_row][vc_row ct_row_stretch=&#8221;&#8221;][vc_column]<div class=\"ult-spacer spacer-69e6132a0e8d9\" data-id=\"69e6132a0e8d9\" data-height=\"50\" data-height-mobile=\"50\" data-height-tab=\"50\" data-height-tab-portrait=\"\" data-height-mobile-landscape=\"\" style=\"clear:both;display:block;\"><\/div>[\/vc_column][\/vc_row][vc_row ct_row_stretch=&#8221;&#8221;][vc_column][vc_column_text]\n[\/vc_column_text][\/vc_column][\/vc_row]\n","protected":false},"excerpt":{"rendered":"<p>[vc_row ct_row_stretch=&#8221;stretch_row_content_no_spaces&#8221; content_placement=&#8221;middle&#8221; ct_bg_image=&#8221;9161&#8243; ct_bg_repeat=&#8221;no-repeat&#8221; ct_bg_size=&#8221;cover&#8221; ct_bg_position=&#8221;center center&#8221;][vc_column css=&#8221;.vc_custom_1773402346154{padding-top: 100px !important;padding-bottom: 100px !important;}&#8221;][vc_row_inner content_placement=&#8221;middle&#8221; css=&#8221;.vc_custom_1774007248589{background-color: rgba(97,166,165,0.51) !important;*background-color: rgb(97,166,165) !important;}&#8221;][vc_column_inner][\/vc_column_inner][\/vc_row_inner][\/vc_column][\/vc_row][vc_row ct_row_stretch=&#8221;&#8221;][vc_column][\/vc_column][\/vc_row][vc_row ct_row_stretch=&#8221;&#8221;][vc_column][\/vc_column][\/vc_row][vc_row ct_row_stretch=&#8221;&#8221;][vc_column][vc_column_text] [\/vc_column_text][\/vc_column][\/vc_row]<\/p>\n","protected":false},"author":1,"featured_media":0,"parent":0,"menu_order":0,"comment_status":"closed","ping_status":"closed","template":"","meta":{"footnotes":""},"class_list":["post-9997","page","type-page","status-publish","hentry"],"yoast_head":"<!-- This site is optimized with the Yoast SEO plugin v27.4 - https:\/\/yoast.com\/product\/yoast-seo-wordpress\/ -->\n<title>Cookies Policy - Punta Fuci\u00f1o do Porco<\/title>\n<meta name=\"robots\" content=\"index, follow, max-snippet:-1, max-image-preview:large, max-video-preview:-1\" \/>\n<link rel=\"canonical\" href=\"https:\/\/www.puntafucinodoporco.gal\/en\/cookies-policy\/\" \/>\n<meta property=\"og:locale\" content=\"en_US\" \/>\n<meta property=\"og:type\" content=\"article\" \/>\n<meta property=\"og:title\" content=\"Cookies Policy - Punta Fuci\u00f1o do Porco\" \/>\n<meta property=\"og:description\" content=\"[vc_row ct_row_stretch=&#8221;stretch_row_content_no_spaces&#8221; content_placement=&#8221;middle&#8221; ct_bg_image=&#8221;9161&#8243; ct_bg_repeat=&#8221;no-repeat&#8221; ct_bg_size=&#8221;cover&#8221; ct_bg_position=&#8221;center center&#8221;][vc_column css=&#8221;.vc_custom_1773402346154{padding-top: 100px !important;padding-bottom: 100px !important;}&#8221;][vc_row_inner content_placement=&#8221;middle&#8221; css=&#8221;.vc_custom_1774007248589{background-color: rgba(97,166,165,0.51) !important;*background-color: rgb(97,166,165) !important;}&#8221;][vc_column_inner][\/vc_column_inner][\/vc_row_inner][\/vc_column][\/vc_row][vc_row ct_row_stretch=&#8221;&#8221;][vc_column][\/vc_column][\/vc_row][vc_row ct_row_stretch=&#8221;&#8221;][vc_column][\/vc_column][\/vc_row][vc_row ct_row_stretch=&#8221;&#8221;][vc_column][vc_column_text] [\/vc_column_text][\/vc_column][\/vc_row]\" \/>\n<meta property=\"og:url\" content=\"https:\/\/www.puntafucinodoporco.gal\/en\/cookies-policy\/\" \/>\n<meta property=\"og:site_name\" content=\"Punta Fuci\u00f1o do Porco\" \/>\n<meta property=\"article:modified_time\" content=\"2026-03-26T08:41:47+00:00\" \/>\n<meta name=\"twitter:card\" content=\"summary_large_image\" \/>\n<meta name=\"twitter:label1\" content=\"Est. reading time\" \/>\n\t<meta name=\"twitter:data1\" content=\"8 minutes\" \/>\n<script type=\"application\/ld+json\" class=\"yoast-schema-graph\">{\"@context\":\"https:\\\/\\\/schema.org\",\"@graph\":[{\"@type\":\"WebPage\",\"@id\":\"https:\\\/\\\/www.puntafucinodoporco.gal\\\/en\\\/cookies-policy\\\/\",\"url\":\"https:\\\/\\\/www.puntafucinodoporco.gal\\\/en\\\/cookies-policy\\\/\",\"name\":\"Cookies Policy - Punta Fuci\u00f1o do Porco\",\"isPartOf\":{\"@id\":\"https:\\\/\\\/www.puntafucinodoporco.gal\\\/en\\\/#website\"},\"datePublished\":\"2026-03-26T08:04:27+00:00\",\"dateModified\":\"2026-03-26T08:41:47+00:00\",\"breadcrumb\":{\"@id\":\"https:\\\/\\\/www.puntafucinodoporco.gal\\\/en\\\/cookies-policy\\\/#breadcrumb\"},\"inLanguage\":\"en-US\",\"potentialAction\":[{\"@type\":\"ReadAction\",\"target\":[\"https:\\\/\\\/www.puntafucinodoporco.gal\\\/en\\\/cookies-policy\\\/\"]}]},{\"@type\":\"BreadcrumbList\",\"@id\":\"https:\\\/\\\/www.puntafucinodoporco.gal\\\/en\\\/cookies-policy\\\/#breadcrumb\",\"itemListElement\":[{\"@type\":\"ListItem\",\"position\":1,\"name\":\"Portada\",\"item\":\"https:\\\/\\\/www.puntafucinodoporco.gal\\\/en\\\/\"},{\"@type\":\"ListItem\",\"position\":2,\"name\":\"Cookies Policy\"}]},{\"@type\":\"WebSite\",\"@id\":\"https:\\\/\\\/www.puntafucinodoporco.gal\\\/en\\\/#website\",\"url\":\"https:\\\/\\\/www.puntafucinodoporco.gal\\\/en\\\/\",\"name\":\"Punta Fuci\u00f1o do Porco\",\"description\":\"\",\"potentialAction\":[{\"@type\":\"SearchAction\",\"target\":{\"@type\":\"EntryPoint\",\"urlTemplate\":\"https:\\\/\\\/www.puntafucinodoporco.gal\\\/en\\\/?s={search_term_string}\"},\"query-input\":{\"@type\":\"PropertyValueSpecification\",\"valueRequired\":true,\"valueName\":\"search_term_string\"}}],\"inLanguage\":\"en-US\"}]}<\/script>\n<!-- \/ Yoast SEO plugin. -->","yoast_head_json":{"title":"Cookies Policy - Punta Fuci\u00f1o do Porco","robots":{"index":"index","follow":"follow","max-snippet":"max-snippet:-1","max-image-preview":"max-image-preview:large","max-video-preview":"max-video-preview:-1"},"canonical":"https:\/\/www.puntafucinodoporco.gal\/en\/cookies-policy\/","og_locale":"en_US","og_type":"article","og_title":"Cookies Policy - Punta Fuci\u00f1o do Porco","og_description":"[vc_row ct_row_stretch=&#8221;stretch_row_content_no_spaces&#8221; content_placement=&#8221;middle&#8221; ct_bg_image=&#8221;9161&#8243; ct_bg_repeat=&#8221;no-repeat&#8221; ct_bg_size=&#8221;cover&#8221; ct_bg_position=&#8221;center center&#8221;][vc_column css=&#8221;.vc_custom_1773402346154{padding-top: 100px !important;padding-bottom: 100px !important;}&#8221;][vc_row_inner content_placement=&#8221;middle&#8221; css=&#8221;.vc_custom_1774007248589{background-color: rgba(97,166,165,0.51) !important;*background-color: rgb(97,166,165) !important;}&#8221;][vc_column_inner][\/vc_column_inner][\/vc_row_inner][\/vc_column][\/vc_row][vc_row ct_row_stretch=&#8221;&#8221;][vc_column][\/vc_column][\/vc_row][vc_row ct_row_stretch=&#8221;&#8221;][vc_column][\/vc_column][\/vc_row][vc_row ct_row_stretch=&#8221;&#8221;][vc_column][vc_column_text] [\/vc_column_text][\/vc_column][\/vc_row]","og_url":"https:\/\/www.puntafucinodoporco.gal\/en\/cookies-policy\/","og_site_name":"Punta Fuci\u00f1o do Porco","article_modified_time":"2026-03-26T08:41:47+00:00","twitter_card":"summary_large_image","twitter_misc":{"Est. reading time":"8 minutes"},"schema":{"@context":"https:\/\/schema.org","@graph":[{"@type":"WebPage","@id":"https:\/\/www.puntafucinodoporco.gal\/en\/cookies-policy\/","url":"https:\/\/www.puntafucinodoporco.gal\/en\/cookies-policy\/","name":"Cookies Policy - Punta Fuci\u00f1o do Porco","isPartOf":{"@id":"https:\/\/www.puntafucinodoporco.gal\/en\/#website"},"datePublished":"2026-03-26T08:04:27+00:00","dateModified":"2026-03-26T08:41:47+00:00","breadcrumb":{"@id":"https:\/\/www.puntafucinodoporco.gal\/en\/cookies-policy\/#breadcrumb"},"inLanguage":"en-US","potentialAction":[{"@type":"ReadAction","target":["https:\/\/www.puntafucinodoporco.gal\/en\/cookies-policy\/"]}]},{"@type":"BreadcrumbList","@id":"https:\/\/www.puntafucinodoporco.gal\/en\/cookies-policy\/#breadcrumb","itemListElement":[{"@type":"ListItem","position":1,"name":"Portada","item":"https:\/\/www.puntafucinodoporco.gal\/en\/"},{"@type":"ListItem","position":2,"name":"Cookies Policy"}]},{"@type":"WebSite","@id":"https:\/\/www.puntafucinodoporco.gal\/en\/#website","url":"https:\/\/www.puntafucinodoporco.gal\/en\/","name":"Punta Fuci\u00f1o do Porco","description":"","potentialAction":[{"@type":"SearchAction","target":{"@type":"EntryPoint","urlTemplate":"https:\/\/www.puntafucinodoporco.gal\/en\/?s={search_term_string}"},"query-input":{"@type":"PropertyValueSpecification","valueRequired":true,"valueName":"search_term_string"}}],"inLanguage":"en-US"}]}},"_links":{"self":[{"href":"https:\/\/www.puntafucinodoporco.gal\/en\/wp-json\/wp\/v2\/pages\/9997","targetHints":{"allow":["GET"]}}],"collection":[{"href":"https:\/\/www.puntafucinodoporco.gal\/en\/wp-json\/wp\/v2\/pages"}],"about":[{"href":"https:\/\/www.puntafucinodoporco.gal\/en\/wp-json\/wp\/v2\/types\/page"}],"author":[{"embeddable":true,"href":"https:\/\/www.puntafucinodoporco.gal\/en\/wp-json\/wp\/v2\/users\/1"}],"replies":[{"embeddable":true,"href":"https:\/\/www.puntafucinodoporco.gal\/en\/wp-json\/wp\/v2\/comments?post=9997"}],"version-history":[{"count":2,"href":"https:\/\/www.puntafucinodoporco.gal\/en\/wp-json\/wp\/v2\/pages\/9997\/revisions"}],"predecessor-version":[{"id":10014,"href":"https:\/\/www.puntafucinodoporco.gal\/en\/wp-json\/wp\/v2\/pages\/9997\/revisions\/10014"}],"wp:attachment":[{"href":"https:\/\/www.puntafucinodoporco.gal\/en\/wp-json\/wp\/v2\/media?parent=9997"}],"curies":[{"name":"wp","href":"https:\/\/api.w.org\/{rel}","templated":true}]}}