{"id":9995,"date":"2026-03-20T13:51:52","date_gmt":"2026-03-20T12:51:52","guid":{"rendered":"https:\/\/www.puntafucinodoporco.gal\/aviso-legal\/"},"modified":"2026-03-27T08:49:12","modified_gmt":"2026-03-27T07:49:12","slug":"legal-notice","status":"publish","type":"page","link":"https:\/\/www.puntafucinodoporco.gal\/en\/legal-notice\/","title":{"rendered":"Legal Notice"},"content":{"rendered":"[vc_row ct_row_stretch=&#8221;stretch_row_content_no_spaces&#8221; content_placement=&#8221;middle&#8221; ct_bg_image=&#8221;9161&#8243; ct_bg_repeat=&#8221;no-repeat&#8221; ct_bg_size=&#8221;cover&#8221; ct_bg_position=&#8221;center center&#8221;][vc_column css=&#8221;.vc_custom_1773402346154{padding-top: 100px !important;padding-bottom: 100px !important;}&#8221;][vc_row_inner content_placement=&#8221;middle&#8221; css=&#8221;.vc_custom_1774007248589{background-color: rgba(97,166,165,0.51) !important;*background-color: rgb(97,166,165) !important;}&#8221;][vc_column_inner]<div id=\"ultimate-heading-527169e61342b6b76\" class=\"uvc-heading ult-adjust-bottom-margin ultimate-heading-527169e61342b6b76 uvc-6065 \" data-hspacer=\"no_spacer\"  data-halign=\"center\" style=\"text-align:center\"><div class=\"uvc-heading-spacer no_spacer\" style=\"top\"><\/div><div class=\"uvc-main-heading ult-responsive\"  data-ultimate-target='.uvc-heading.ultimate-heading-527169e61342b6b76 h1'  data-responsive-json-new='{\"font-size\":\"desktop:50px;\",\"line-height\":\"desktop:50px;\"}' ><h1 style=\"font-family:&#039;Montserrat&#039;;font-weight:200;color:#ffffff;margin-top:20px;margin-bottom:20px;\">LEGAL NOTICE<\/h1><\/div><\/div>[\/vc_column_inner][\/vc_row_inner][\/vc_column][\/vc_row][vc_row ct_row_stretch=&#8221;&#8221;][vc_column]<div class=\"ult-spacer spacer-69e61342b6be2\" data-id=\"69e61342b6be2\" data-height=\"50\" data-height-mobile=\"50\" data-height-tab=\"50\" data-height-tab-portrait=\"\" data-height-mobile-landscape=\"\" style=\"clear:both;display:block;\"><\/div><div id=\"ultimate-heading-528469e61342b6c24\" class=\"uvc-heading ult-adjust-bottom-margin ultimate-heading-528469e61342b6c24 uvc-4589 titular3\" data-hspacer=\"no_spacer\"  data-halign=\"left\" style=\"text-align:left\"><div class=\"uvc-heading-spacer no_spacer\" style=\"top\"><\/div><div class=\"uvc-main-heading ult-responsive\"  data-ultimate-target='.uvc-heading.ultimate-heading-528469e61342b6c24 h2'  data-responsive-json-new='{\"font-size\":\"\",\"line-height\":\"\"}' ><h2 style=\"font-weight:normal;margin-bottom:30px;\">LEGAL <b>NOTICE<\/b><\/h2><\/div><div class=\"uvc-sub-heading ult-responsive\"  data-ultimate-target='.uvc-heading.ultimate-heading-528469e61342b6c24 .uvc-sub-heading '  data-responsive-json-new='{\"font-size\":\"\",\"line-height\":\"\"}'  style=\"font-weight:normal;\">\n<h2>Data Controller Details<\/h2>\n<p><strong>\u2013 Data Controller Identity:<\/strong> Concello do Vicedo<\/p>\n<p><strong>\u2013 Trade Name:<\/strong>\u00a0 Punta Fuci\u00f1o do Porco<\/p>\n<p><strong>\u2013 NIF\/CIF:<\/strong> P2706400E<\/p>\n<p><strong>\u2013 Address:<\/strong>\u00a0 Traves\u00eda da Mari\u00f1a, 57. 27860 O Vicedo (Lugo)<\/p>\n<p><strong>\u2013 Email:<\/strong> concello@concellodovicedo.org<\/p>\n<p>In this section, the USER will find all information regarding the legal terms and conditions that define the relationship between users and us as the party responsible for this website. As a user, it is important that you are aware of these terms before continuing your navigation.<\/p>\n<p>Concello do Vicedo, as the controller of this website, is committed to processing our users&#8217; and customers&#8217; information with full guarantees and complying with national and European requirements regulating the collection and use of our users&#8217; personal data.<\/p>\n<p>This website, therefore, strictly complies with the GDPR (REGULATION (EU) 2016\/679 on data protection) and the LSSI-CE (Law 34\/2002, of July 11, on information society services and electronic commerce).<\/p>\n<h2>General Terms and Conditions of Use<\/h2>\n<p>These General Conditions regulate the use of (including mere access to) the web pages that comprise the Punta Fuci\u00f1o do Porco website, including the content and services made available therein. Any person accessing the website puntafucinodoporco.gal (\u201cUser\u201d) agrees to be bound by the General Conditions in effect at any given time on the portal puntafucinodoporco.gal.<\/p>\n<h2>Personal data we collect and how we do it<\/h2>\n<p>Read Privacy Policy<\/p>\n<h2>User Commitments and Obligations<\/h2>\n<p>The User is hereby informed, and accepts, that access to this website does not imply, in any way, the beginning of a commercial relationship with Punta Fuci\u00f1o do Porco. Consequently, the user undertakes to use the website, its services, and contents without contravening current legislation, good faith, and public order.<\/p>\n<p>The use of the website for illegal or harmful purposes, or in any way that may cause damage or impede the normal functioning of the website, is strictly prohibited. Regarding the contents of this website, the following are prohibited:<\/p>\n<ul>\n<li>Their reproduction, distribution, or modification, in whole or in part, unless authorized by their legitimate owners;<\/li>\n<li>Any infringement of the rights of the provider or the legitimate owners;<\/li>\n<li>Their use for commercial or advertising purposes.<\/li>\n<\/ul>\n<p>While using the website puntafucinodoporco.gal, the User undertakes not to engage in any conduct that could damage the image, interests, and rights of Punta Fuci\u00f1o do Porco or third parties, or that could damage, disable, or overload the portal, or prevent, in any way, the normal use of the web.<\/p>\n<p>Nevertheless, the User must be aware that the security measures of computer systems on the Internet are not entirely reliable and, therefore, Punta Fuci\u00f1o do Porco cannot guarantee the absence of viruses or other elements that may cause alterations to the User&#8217;s computer systems (software and hardware) or to their electronic documents and files contained therein.<\/p>\n<h2>Security Measures<\/h2>\n<p>Personal data communicated by the user to Punta Fuci\u00f1o do Porco may be stored in automated or non-automated databases, which are exclusively owned by Punta Fuci\u00f1o do Porco. The latter assumes all technical, organizational, and security measures that guarantee the confidentiality, integrity, and quality of the information contained therein, in accordance with current data protection regulations.<\/p>\n<p>Communication between users and Punta Fuci\u00f1o do Porco uses a secure channel, and the transmitted data is encrypted using HTTPS protocols; therefore, we guarantee the best security conditions so that user confidentiality is ensured.<\/p>\n<h2>Claims<\/h2>\n<p>Concello do Vicedo (Punta Fuci\u00f1o do Porco) hereby informs that complaint forms are available to users and customers.<\/p>\n<p>The User may file a claim by requesting a complaint form or by sending an email to concello@concellodovicedo.org, indicating their full name, the service and\/or product purchased, and stating the reasons for their claim.<\/p>\n<p>The user\/buyer may notify us of the claim either via email to concello@concellodovicedo.org or by post addressed to: Punta Fuci\u00f1o do Porco, at Traves\u00eda da Mari\u00f1a, 57. 27860 O Vicedo (Lugo), using, if they wish, the following claim form:<\/p>\n<p>Attn: Punta Fuci\u00f1o do Porco<br \/>\nTraves\u00eda da Mari\u00f1a, 57. 27860 O Vicedo (Lugo)<br \/>\nE-mail: concello@concellodovicedo.org<\/p>\n<p>Service\/Product:<br \/>\nDate of purchase:<br \/>\nUser\u2019s Name:<br \/>\nUser\u2019s Address:<br \/>\nUser\u2019s Signature (only if submitted on paper):<br \/>\nDate:<br \/>\nReason for the claim:<\/p>\n<h2>Dispute Resolution Platform<\/h2>\n<p>For your interest, you may also submit your claims through the dispute resolution platform provided by the European Commission, which is available at the following link: <a href=\"http:\/\/ec.europa.eu\/consumers\/odr\/\">\u00a0http:\/\/ec.europa.eu\/consumers\/odr\/<\/a><\/p>\n<h2>Intellectual and Industrial Property Rights<\/h2>\n<p>By virtue of the provisions of Articles 8 and 32.1, second paragraph, of the Intellectual Property Law, the reproduction, distribution, and public communication, including the method of making available, of all or part of the contents of this website for commercial purposes, in any format and by any technical means, are expressly prohibited without the authorization of Punta Fuci\u00f1o do Porco. The user undertakes to respect the Intellectual and Industrial Property rights owned by Punta Fuci\u00f1o do Porco.<\/p>\n<p>The user acknowledges and accepts that the entire website\u2014containing, without limitation, text, software, content (including its structure, selection, arrangement, and presentation), podcasts, photographs, audiovisual material, and graphics\u2014is protected by trademarks, copyrights, and other legitimate rights, in accordance with international treaties to which Spain is a party and other property rights and laws of Spain.<\/p>\n<p>In the event that a user or a third party considers that a violation of their legitimate intellectual property rights has occurred due to the introduction of certain content on the website, they must notify Punta Fuci\u00f1o do Porco, indicating:<\/p>\n<ul>\n<li>Personal data of the interested party who owns the allegedly infringed rights, or indicate the representation with which they act if the claim is submitted by a third party other than the interested party.<\/li>\n<li>Identification of the contents protected by intellectual property rights and their location on the website, accreditation of the indicated intellectual property rights, and an express declaration in which the interested party accepts responsibility for the veracity of the information provided in the notification.<\/li>\n<\/ul>\n<h2>External Links<\/h2>\n<p>The pages of the website puntafucinodoporco.gal provide links to other proprietary websites and content owned by third parties, such as:<\/p>\n<ul>\n<li>Content from other websites<\/li>\n<li>Information<\/li>\n<li>Resources<\/li>\n<\/ul>\n<p>The sole purpose of these links is to provide the User with the possibility of accessing said links.<\/p>\n<p>Punta Fuci\u00f1o do Porco is not responsible, under any circumstances, for the results that may arise for the User from accessing these links.<\/p>\n<p>Furthermore, the user will find within this site pages, promotions, and affiliate programs that access the browsing habits of users to establish profiles. This information is always anonymous, and the user is not identified.<\/p>\n<p>The information provided on these sponsored sites or affiliate links is subject to the privacy policies used on those specific sites and will not be subject to this privacy policy. Therefore, we strongly recommend that Users carefully review the privacy policies of any affiliate links.<\/p>\n<p>Any User who intends to establish any technical linking device from their website to the puntafucinodoporco.gal portal must obtain prior written authorization from Concello do Vicedo. The establishment of a link does not imply, in any case, the existence of a relationship between Punta Fuci\u00f1o do Porco and the owner of the site where the link is established, nor the acceptance or approval by Punta Fuci\u00f1o do Porco of its contents or services.<\/p>\n<h2>Comments Policy<\/h2>\n<p>Our website allows comments to enrich content and handle inquiries.<\/p>\n<p>Comments that are unrelated to the website&#8217;s theme, or that include defamation, grievances, insults, personal attacks, or general lack of respect toward the author or other members, will not be accepted.<\/p>\n<p>Comments containing information that is obviously misleading or false will also be deleted, as well as comments containing personal information\u2014such as private addresses or telephone numbers\u2014that violate our data protection policy.<\/p>\n<p>Similarly, comments created solely for the promotional purposes of a website, individual, or group, and anything that could generally be considered spam, will be rejected.<\/p>\n<p>Anonymous comments are not permitted, nor are those made by the same person using different nicknames. Comments that attempt to force a debate or a specific stance from another user will also not be considered.<\/p>\n<h2>Disclaimer of Warranties and Liability<\/h2>\n<p>The Provider grants no warranty and shall not be held liable, under any circumstances, for damages of any nature that may arise from:<\/p>\n<ul>\n<li>The lack of availability, maintenance, and effective functioning of the website, or its services and contents;<\/li>\n<li>The existence of viruses, malicious, or harmful programs within the contents;<\/li>\n<li>The illegal, negligent, or fraudulent use of the website, or any use contrary to this Legal Notice;<\/li>\n<li>The lack of legality, quality, reliability, utility, and availability of services provided by third parties and made available to users on the website.<\/li>\n<li>The provider is not responsible under any circumstances for damages that may arise from the illegal or improper use of this website.<\/li>\n<\/ul>\n<h2>Applicable Law and Jurisdiction<\/h2>\n<p>In general, the relations between Punta Fuci\u00f1o do Porco and the Users of its telematic services, as presented on this website, are subject to Spanish legislation and jurisdiction and to the courts of Lugo.<\/p>\n<h2>Contact<\/h2>\n<p>In the event that any User has any questions regarding these Legal Conditions or any comments about the portal puntafucinodoporco.gal, please contact concello@concellodovicedo.org.<\/div><\/div><div class=\"ult-spacer spacer-69e61342b6c5e\" data-id=\"69e61342b6c5e\" data-height=\"50\" data-height-mobile=\"50\" data-height-tab=\"50\" data-height-tab-portrait=\"\" data-height-mobile-landscape=\"\" style=\"clear:both;display:block;\"><\/div>[\/vc_column][\/vc_row][vc_row ct_row_stretch=&#8221;&#8221;][vc_column]<div class=\"ult-spacer spacer-69e61342b6c82\" data-id=\"69e61342b6c82\" data-height=\"50\" data-height-mobile=\"50\" data-height-tab=\"50\" data-height-tab-portrait=\"\" data-height-mobile-landscape=\"\" style=\"clear:both;display:block;\"><\/div>[\/vc_column][\/vc_row][vc_row ct_row_stretch=&#8221;&#8221;][vc_column][vc_column_text]\n[\/vc_column_text][\/vc_column][\/vc_row]\n","protected":false},"excerpt":{"rendered":"<p>[vc_row ct_row_stretch=&#8221;stretch_row_content_no_spaces&#8221; content_placement=&#8221;middle&#8221; ct_bg_image=&#8221;9161&#8243; ct_bg_repeat=&#8221;no-repeat&#8221; ct_bg_size=&#8221;cover&#8221; ct_bg_position=&#8221;center center&#8221;][vc_column css=&#8221;.vc_custom_1773402346154{padding-top: 100px !important;padding-bottom: 100px !important;}&#8221;][vc_row_inner content_placement=&#8221;middle&#8221; css=&#8221;.vc_custom_1774007248589{background-color: rgba(97,166,165,0.51) !important;*background-color: rgb(97,166,165) !important;}&#8221;][vc_column_inner][\/vc_column_inner][\/vc_row_inner][\/vc_column][\/vc_row][vc_row ct_row_stretch=&#8221;&#8221;][vc_column][\/vc_column][\/vc_row][vc_row ct_row_stretch=&#8221;&#8221;][vc_column][\/vc_column][\/vc_row][vc_row ct_row_stretch=&#8221;&#8221;][vc_column][vc_column_text] [\/vc_column_text][\/vc_column][\/vc_row]<\/p>\n","protected":false},"author":1,"featured_media":0,"parent":0,"menu_order":0,"comment_status":"closed","ping_status":"closed","template":"","meta":{"footnotes":""},"class_list":["post-9995","page","type-page","status-publish","hentry"],"yoast_head":"<!-- This site is optimized with the Yoast SEO plugin v27.4 - https:\/\/yoast.com\/product\/yoast-seo-wordpress\/ -->\n<title>Legal Notice - Punta Fuci\u00f1o do Porco<\/title>\n<meta name=\"robots\" content=\"index, follow, max-snippet:-1, max-image-preview:large, max-video-preview:-1\" \/>\n<link rel=\"canonical\" href=\"https:\/\/www.puntafucinodoporco.gal\/en\/legal-notice\/\" \/>\n<meta property=\"og:locale\" content=\"en_US\" \/>\n<meta property=\"og:type\" content=\"article\" \/>\n<meta property=\"og:title\" content=\"Legal Notice - Punta Fuci\u00f1o do Porco\" \/>\n<meta property=\"og:description\" content=\"[vc_row ct_row_stretch=&#8221;stretch_row_content_no_spaces&#8221; content_placement=&#8221;middle&#8221; ct_bg_image=&#8221;9161&#8243; ct_bg_repeat=&#8221;no-repeat&#8221; ct_bg_size=&#8221;cover&#8221; ct_bg_position=&#8221;center center&#8221;][vc_column css=&#8221;.vc_custom_1773402346154{padding-top: 100px !important;padding-bottom: 100px !important;}&#8221;][vc_row_inner content_placement=&#8221;middle&#8221; css=&#8221;.vc_custom_1774007248589{background-color: rgba(97,166,165,0.51) !important;*background-color: rgb(97,166,165) !important;}&#8221;][vc_column_inner][\/vc_column_inner][\/vc_row_inner][\/vc_column][\/vc_row][vc_row ct_row_stretch=&#8221;&#8221;][vc_column][\/vc_column][\/vc_row][vc_row ct_row_stretch=&#8221;&#8221;][vc_column][\/vc_column][\/vc_row][vc_row ct_row_stretch=&#8221;&#8221;][vc_column][vc_column_text] [\/vc_column_text][\/vc_column][\/vc_row]\" \/>\n<meta property=\"og:url\" content=\"https:\/\/www.puntafucinodoporco.gal\/en\/legal-notice\/\" \/>\n<meta property=\"og:site_name\" content=\"Punta Fuci\u00f1o do Porco\" \/>\n<meta property=\"article:modified_time\" content=\"2026-03-27T07:49:12+00:00\" \/>\n<meta name=\"twitter:card\" content=\"summary_large_image\" \/>\n<meta name=\"twitter:label1\" content=\"Est. reading time\" \/>\n\t<meta name=\"twitter:data1\" content=\"8 minutes\" \/>\n<script type=\"application\/ld+json\" class=\"yoast-schema-graph\">{\"@context\":\"https:\\\/\\\/schema.org\",\"@graph\":[{\"@type\":\"WebPage\",\"@id\":\"https:\\\/\\\/www.puntafucinodoporco.gal\\\/en\\\/legal-notice\\\/\",\"url\":\"https:\\\/\\\/www.puntafucinodoporco.gal\\\/en\\\/legal-notice\\\/\",\"name\":\"Legal Notice - Punta Fuci\u00f1o do Porco\",\"isPartOf\":{\"@id\":\"https:\\\/\\\/www.puntafucinodoporco.gal\\\/en\\\/#website\"},\"datePublished\":\"2026-03-20T12:51:52+00:00\",\"dateModified\":\"2026-03-27T07:49:12+00:00\",\"breadcrumb\":{\"@id\":\"https:\\\/\\\/www.puntafucinodoporco.gal\\\/en\\\/legal-notice\\\/#breadcrumb\"},\"inLanguage\":\"en-US\",\"potentialAction\":[{\"@type\":\"ReadAction\",\"target\":[\"https:\\\/\\\/www.puntafucinodoporco.gal\\\/en\\\/legal-notice\\\/\"]}]},{\"@type\":\"BreadcrumbList\",\"@id\":\"https:\\\/\\\/www.puntafucinodoporco.gal\\\/en\\\/legal-notice\\\/#breadcrumb\",\"itemListElement\":[{\"@type\":\"ListItem\",\"position\":1,\"name\":\"Portada\",\"item\":\"https:\\\/\\\/www.puntafucinodoporco.gal\\\/en\\\/\"},{\"@type\":\"ListItem\",\"position\":2,\"name\":\"Legal Notice\"}]},{\"@type\":\"WebSite\",\"@id\":\"https:\\\/\\\/www.puntafucinodoporco.gal\\\/en\\\/#website\",\"url\":\"https:\\\/\\\/www.puntafucinodoporco.gal\\\/en\\\/\",\"name\":\"Punta Fuci\u00f1o do Porco\",\"description\":\"\",\"potentialAction\":[{\"@type\":\"SearchAction\",\"target\":{\"@type\":\"EntryPoint\",\"urlTemplate\":\"https:\\\/\\\/www.puntafucinodoporco.gal\\\/en\\\/?s={search_term_string}\"},\"query-input\":{\"@type\":\"PropertyValueSpecification\",\"valueRequired\":true,\"valueName\":\"search_term_string\"}}],\"inLanguage\":\"en-US\"}]}<\/script>\n<!-- \/ Yoast SEO plugin. -->","yoast_head_json":{"title":"Legal Notice - Punta Fuci\u00f1o do Porco","robots":{"index":"index","follow":"follow","max-snippet":"max-snippet:-1","max-image-preview":"max-image-preview:large","max-video-preview":"max-video-preview:-1"},"canonical":"https:\/\/www.puntafucinodoporco.gal\/en\/legal-notice\/","og_locale":"en_US","og_type":"article","og_title":"Legal Notice - Punta Fuci\u00f1o do Porco","og_description":"[vc_row ct_row_stretch=&#8221;stretch_row_content_no_spaces&#8221; content_placement=&#8221;middle&#8221; ct_bg_image=&#8221;9161&#8243; ct_bg_repeat=&#8221;no-repeat&#8221; ct_bg_size=&#8221;cover&#8221; ct_bg_position=&#8221;center center&#8221;][vc_column css=&#8221;.vc_custom_1773402346154{padding-top: 100px !important;padding-bottom: 100px !important;}&#8221;][vc_row_inner content_placement=&#8221;middle&#8221; css=&#8221;.vc_custom_1774007248589{background-color: rgba(97,166,165,0.51) !important;*background-color: rgb(97,166,165) !important;}&#8221;][vc_column_inner][\/vc_column_inner][\/vc_row_inner][\/vc_column][\/vc_row][vc_row ct_row_stretch=&#8221;&#8221;][vc_column][\/vc_column][\/vc_row][vc_row ct_row_stretch=&#8221;&#8221;][vc_column][\/vc_column][\/vc_row][vc_row ct_row_stretch=&#8221;&#8221;][vc_column][vc_column_text] [\/vc_column_text][\/vc_column][\/vc_row]","og_url":"https:\/\/www.puntafucinodoporco.gal\/en\/legal-notice\/","og_site_name":"Punta Fuci\u00f1o do Porco","article_modified_time":"2026-03-27T07:49:12+00:00","twitter_card":"summary_large_image","twitter_misc":{"Est. reading time":"8 minutes"},"schema":{"@context":"https:\/\/schema.org","@graph":[{"@type":"WebPage","@id":"https:\/\/www.puntafucinodoporco.gal\/en\/legal-notice\/","url":"https:\/\/www.puntafucinodoporco.gal\/en\/legal-notice\/","name":"Legal Notice - Punta Fuci\u00f1o do Porco","isPartOf":{"@id":"https:\/\/www.puntafucinodoporco.gal\/en\/#website"},"datePublished":"2026-03-20T12:51:52+00:00","dateModified":"2026-03-27T07:49:12+00:00","breadcrumb":{"@id":"https:\/\/www.puntafucinodoporco.gal\/en\/legal-notice\/#breadcrumb"},"inLanguage":"en-US","potentialAction":[{"@type":"ReadAction","target":["https:\/\/www.puntafucinodoporco.gal\/en\/legal-notice\/"]}]},{"@type":"BreadcrumbList","@id":"https:\/\/www.puntafucinodoporco.gal\/en\/legal-notice\/#breadcrumb","itemListElement":[{"@type":"ListItem","position":1,"name":"Portada","item":"https:\/\/www.puntafucinodoporco.gal\/en\/"},{"@type":"ListItem","position":2,"name":"Legal Notice"}]},{"@type":"WebSite","@id":"https:\/\/www.puntafucinodoporco.gal\/en\/#website","url":"https:\/\/www.puntafucinodoporco.gal\/en\/","name":"Punta Fuci\u00f1o do Porco","description":"","potentialAction":[{"@type":"SearchAction","target":{"@type":"EntryPoint","urlTemplate":"https:\/\/www.puntafucinodoporco.gal\/en\/?s={search_term_string}"},"query-input":{"@type":"PropertyValueSpecification","valueRequired":true,"valueName":"search_term_string"}}],"inLanguage":"en-US"}]}},"_links":{"self":[{"href":"https:\/\/www.puntafucinodoporco.gal\/en\/wp-json\/wp\/v2\/pages\/9995","targetHints":{"allow":["GET"]}}],"collection":[{"href":"https:\/\/www.puntafucinodoporco.gal\/en\/wp-json\/wp\/v2\/pages"}],"about":[{"href":"https:\/\/www.puntafucinodoporco.gal\/en\/wp-json\/wp\/v2\/types\/page"}],"author":[{"embeddable":true,"href":"https:\/\/www.puntafucinodoporco.gal\/en\/wp-json\/wp\/v2\/users\/1"}],"replies":[{"embeddable":true,"href":"https:\/\/www.puntafucinodoporco.gal\/en\/wp-json\/wp\/v2\/comments?post=9995"}],"version-history":[{"count":3,"href":"https:\/\/www.puntafucinodoporco.gal\/en\/wp-json\/wp\/v2\/pages\/9995\/revisions"}],"predecessor-version":[{"id":10022,"href":"https:\/\/www.puntafucinodoporco.gal\/en\/wp-json\/wp\/v2\/pages\/9995\/revisions\/10022"}],"wp:attachment":[{"href":"https:\/\/www.puntafucinodoporco.gal\/en\/wp-json\/wp\/v2\/media?parent=9995"}],"curies":[{"name":"wp","href":"https:\/\/api.w.org\/{rel}","templated":true}]}}